{"id":7413,"date":"2020-05-24T13:03:55","date_gmt":"2020-05-24T11:03:55","guid":{"rendered":"https:\/\/excellent-solingen.de\/a-propos-de-nous\/"},"modified":"2023-10-06T15:36:15","modified_gmt":"2023-10-06T13:36:15","slug":"a-propos-de-nous","status":"publish","type":"page","link":"https:\/\/excellent-solingen.de\/en\/a-propos-de-nous\/","title":{"rendered":"\u00c0 PROPOS DE NOUS"},"content":{"rendered":"<p>[vc_row][vc_column][vc_column_text]<\/p>\n<h3><strong>\u00c0 PROPOS DE NOUS<\/strong><\/h3>\n<p>[\/vc_column_text][vc_column_text]<\/p>\n<h2 style=\"text-align: center;\"><strong>Bienvenue chez Excellent GmbH \u00e0 Solingen<\/strong><\/h2>\n<h2 style=\"text-align: center;\"><strong>Votre sp\u00e9cialiste dans la fabrication et la vente d'instruments de soins corporels dans le domaine de la<\/strong> <strong>manucure et p\u00e9dicure<\/strong><\/h2>\n<p>[\/vc_column_text][vc_column_text]La soci\u00e9t\u00e9 Excellent GmbH bas\u00e9e \u00e0 Solingen est le sp\u00e9cialiste de la production de pinces de manucure et de p\u00e9dicure de haute qualit\u00e9, de pinces orthonyxie, de ciseaux, de pincettes, de couteaux et d&#8217;instruments en acier inoxydable.<\/p>\n<p>With the newly developed articles, you can transform your personal hygiene into an individual well-being program. The wide range of manicure\/pedicure in stainless steel contains all the tools you need for your daily personal hygiene.<\/p>\n<p>Vous pouvez \u00e9galement t\u00e9l\u00e9charger l'ensemble de notre gamme de produits sous forme de catalogue sous le point de menu Produits ou utiliser notre formulaire de contact pour les demandes sp\u00e9ciales. Les employ\u00e9s de notre \u00e9quipe contact vous imm\u00e9diatement. To receive a list of prices for our products, please use our contact form or send us an e-mail at <a href=\"mailto:info@excellent-solingen.de\">info@excellent-solingen.de<\/a> . En tant que grossiste, nous offerrons \u00e0 nos clients un service OEM. If you wish, our clients can engrave their own logo on their instruments. Our clientele includes retailers, pharmacies, pedicure schools, as well as aesthetic and podiatry schools.<\/p>\n<div>\n<h3><a id=\"Produkte\"><\/a><\/h3>\n<\/div>\n<p>[\/vc_column_text][vc_btn title=&#8220;Consultez notre catalogue de produits&#8220; color=&#8220;black&#8220; size=&#8220;lg&#8220; align=&#8220;center&#8220; link=&#8220;url:https%3A%2F%2Fexcellent-solingen.de%2Fwp-content%2Fuploads%2F2020%2F05%2FProduktkatalog-Excellent-2020-1.pdf|&#8220;][\/vc_column][\/vc_row][vc_row][vc_column][vc_separator][\/vc_column][\/vc_row][vc_row][vc_column][vc_column_text]Veuillez noter que nous accordons une <strong>manufacturer's warranty of 1 year + 1 service de r\u00e9aff\u00fbtage gratuit<\/strong> pendant la p\u00e9riode de garantie sur tous les produits. Tous les articles sont en acier inoxydable, 100% st\u00e9rilisables et hypoallerg\u00e9niques. Dans notre gamme, nous avons toutes les pinces d&#8217;Excellent GmbH de Solingen et pouvons donc vous assurer d&#8217;une tr\u00e8s bonne qualit\u00e9 de marque, qui se manifeste d\u00e9j\u00e0 dans les mat\u00e9riaux de haute qualit\u00e9 et se termine par un contr\u00f4le professionnel de chaque pince individuelle.[\/vc_column_text][\/vc_column][\/vc_row][vc_row][vc_column][vc_column_text]<\/p>\n<h3><strong>Des produits<\/strong><\/h3>\n<p>[\/vc_column_text][\/vc_column][\/vc_row][vc_row][vc_column width=&#8220;1\/3&#8243;][counter icon=&#8220;fas fa-address-book&#8220; color=&#8220;#009245&#8243; number=&#8220;120&#8243; title=&#8220;Clients internationaux&#8220; prefix=&#8220;&gt;&#8220;][\/vc_column][vc_column width=&#8220;1\/3&#8243;][counter number=&#8220;500&#8243; title=&#8220;Des produits&#8220; prefix=&#8220;&gt;&#8220; icon=&#8220;icon-buffer&#8220; color=&#8220;#009245&#8243;][\/vc_column][vc_column width=&#8220;1\/3&#8243;][counter title=&#8220;Prix de gros&#8220; icon=&#8220;icon-basket&#8220; color=&#8220;#009245&#8243;][\/vc_column][\/vc_row][vc_row][vc_column][vc_column_text]Si vous \u00eates int\u00e9ress\u00e9 par l&#8217;un de nos produits ou souhaitez en savoir plus, merci de remplir le formulaire de contact et nous vous recontacterons dans les plus brefs d\u00e9lais pour traiter votre demande.[\/vc_column_text][\/vc_column][\/vc_row][vc_row][vc_column width=&#8220;1\/2&#8243;][vc_single_image image=&#8220;6759&#8243; img_size=&#8220;full&#8220;][\/vc_column][vc_column width=&#8220;1\/2&#8243;][vc_column_text]<\/p>\n<h3><strong>Manucure<\/strong><\/h3>\n<p>[\/vc_column_text][vc_column_text]La manucure est le soin et le traitement des mains. Pour le soin des mains, chez Excellent GmbH, nous vous proposons une vaste gamme d&#8217;instruments. Cela comprend entre autres des limes \u00e0 ongles pour limer les ongles ainsi que des coupe-ongles pour couper les ongles. Nous avons \u00e9galement un grand choix de pinces (pinces \u00e0 ongles, pinces \u00e0 coin, pinces \u00e0 cuticules) avec diff\u00e9rentes tailles et formes de coupe. Nos produits sont bien adapt\u00e9s \u00e0 un usage professionnel, par ex. B. studios cosm\u00e9tiques ainsi que pour les utilisateurs priv\u00e9s \u00e0 domicile.[\/vc_column_text][\/vc_column][\/vc_row][vc_row][vc_column][vc_separator][\/vc_column][\/vc_row][vc_row][vc_column width=&#8220;1\/2&#8243;][vc_column_text]<\/p>\n<h3><strong>P\u00e9dicure<\/strong><\/h3>\n<p>[\/vc_column_text][vc_column_text]Le pendant de la manucure est le soin des pieds, qui consiste principalement \u00e0 raccourcir les ongles des pieds et \u00e0 \u00e9liminer les callosit\u00e9s des pieds. Pour un soin professionnel de vos pieds, chez Excellent GmbH, nous vous proposons non seulement des pinces \u00e0 ongles et des coupe-ongles de haute qualit\u00e9, mais \u00e9galement un grand choix de r\u00e2pes et de ciseaux sp\u00e9cialement con\u00e7us pour vos pieds.[\/vc_column_text][\/vc_column][vc_column width=&#8220;1\/2&#8243;][vc_single_image image=&#8220;4909&#8243; img_size=&#8220;full&#8220;][\/vc_column][\/vc_row][vc_row][vc_column][vc_separator][\/vc_column][\/vc_row][vc_row][vc_column width=&#8220;1\/2&#8243;][vc_column_text]<\/p>\n<h3><strong>Pinces<\/strong><\/h3>\n<p>[\/vc_column_text][vc_column_text]Pour les manucures et les p\u00e9dicures, nous proposons des pinces \u00e0 ongles, des pinces \u00e0 coin, des pinces \u00e0 cuticules et des coupe-ongles dans notre gamme. Les diff\u00e9rentes tailles et formes de t\u00eate de coupe des pinces indiquent les diverses utilisations possibles en manucure ou p\u00e9dicure.[\/vc_column_text][vc_single_image image=&#8220;7025&#8243; img_size=&#8220;full&#8220;][vc_column_text]<\/p>\n<h4><strong>Pince \u00e0 cuticules Excellente<\/strong><\/h4>\n<p>[\/vc_column_text][vc_column_text]Les pinces \u00e0 cuticules sont utilis\u00e9es pour enlever l&#8217;exc\u00e8s de peau des ongles. Les pinces \u00e0 cuticules sont des pinces sp\u00e9ciales et particuli\u00e8rement bien adapt\u00e9es \u00e0 une utilisation professionnelle dans le soin des pieds. Les pinces \u00e0 ongles, les pinces \u00e0 coin et les pinces \u00e0 peau sont disponibles en diff\u00e9rents mod\u00e8les, chacun avec des longueurs et des ar\u00eates de coupe diff\u00e9rentes.Vous trouverez entre autres des pinces \u00e0 ongles avec diff\u00e9rents ressorts tels que des ressorts tampons, des ressorts doubles ou des ressorts pliants.[\/vc_column_text][vc_single_image image=&#8220;7027&#8243; img_size=&#8220;full&#8220;][vc_column_text]<\/p>\n<h4><strong>Pince \u00e0 coin Excellente<\/strong><\/h4>\n<p>[\/vc_column_text][vc_column_text]Les pinces d&#8217;angle sont particuli\u00e8rement efficaces pour traiter les ongles d&#8217;angle. Les pinces d&#8217;angle sont des pinces sp\u00e9ciales et particuli\u00e8rement bien adapt\u00e9es \u00e0 un usage professionnel dans le soin des pieds. En plus des pinces pour manucure et p\u00e9dicure, nous proposons \u00e9galement des pinces orthonyxie, telles que des pinces \u00e0 tweed ou des pinces coupantes lat\u00e9rales. Ces pinces ont des ar\u00eates de coupe sp\u00e9cialement form\u00e9es, con\u00e7ues pour une utilisation sp\u00e9cifique.[\/vc_column_text][\/vc_column][vc_column width=&#8220;1\/2&#8243;][vc_single_image image=&#8220;7028&#8243; img_size=&#8220;full&#8220;][vc_column_text]<\/p>\n<h4><strong>Pince \u00e0 ongles excellente<\/strong><\/h4>\n<p>[\/vc_column_text][vc_column_text]Les pinces \u00e0 ongles et les coupe-ongles sont particuli\u00e8rement adapt\u00e9s pour couper et fa\u00e7onner les ongles.Il est conseill\u00e9 de couper les ongles apr\u00e8s la douche ou le bain, car les ongles sont alors tremp\u00e9s et peuvent \u00eatre coup\u00e9s particuli\u00e8rement facilement. Les coupe-ongles sont \u00e9galement souvent appel\u00e9s coupe-ongles ou coupe-t\u00eate et sont souvent utilis\u00e9s par des utilisateurs professionnels dans le domaine des soins des pieds (podologie). Excellent se sp\u00e9cialise dans les pinces \u00e0 ongles de diff\u00e9rents mod\u00e8les (pointus, en fl\u00e8che, courb\u00e9s, etc.) et types d&#8217;utilisation (pinces pour diab\u00e9tiques). Les coupe-ongles sont essentiels dans le traitement pr\u00e9ventif, th\u00e9rapeutique et r\u00e9\u00e9ducatif du pied.[\/vc_column_text][vc_single_image image=&#8220;7030&#8243; img_size=&#8220;full&#8220;][vc_column_text]Les coupe-ongles sont utilis\u00e9s pour couper les ongles des mains et des orteils tenaces et \u00e9pais. Excellent propose des coupe-ongles avec des lames droites et courbes. Une lame droite permet une coupe nette, tandis qu&#8217;une lame incurv\u00e9e coupe de meilleures formes. Gr\u00e2ce \u00e0 l&#8217;effet de levier, m\u00eame les ongles les plus \u00e9pais peuvent \u00eatre coup\u00e9s sans probl\u00e8me. La fabrication robuste permet une prise en main s\u00fbre et minimise le risque de blessure.[\/vc_column_text][\/vc_column][\/vc_row][vc_row][vc_column][vc_separator][\/vc_column][\/vc_row][vc_row][vc_column width=&#8220;1\/2&#8243;][vc_column_text]<\/p>\n<h3><strong>Les ciseaux<\/strong><\/h3>\n<p>[\/vc_column_text][vc_column_text]<\/p>\n<h3><strong>Ciseaux \u00e0 cheveux<\/strong><\/h3>\n<p>[\/vc_column_text][vc_column_text]Nos ciseaux \u00e0 cheveux sont en acier inoxydable forg\u00e9 et tremp\u00e9. Tous les ciseaux \u00e0 cheveux forg\u00e9s ont une lame rectifi\u00e9e creuse et ont une action facile et sans fatigue. Les ciseaux de coiffure professionnels de notre gamme de base peuvent \u00eatre r\u00e9gl\u00e9s \u00e0 l&#8217;aide de la vis \u00e0 engrenage. Ils ont un crochet pour les doigts qui se d\u00e9visse et peut \u00eatre remplac\u00e9. Il existe diff\u00e9rentes tailles de ciseaux dans chaque s\u00e9rie pour les diff\u00e9rentes exigences. Les ciseaux de modelage ou d&#8217;amincissement pour les cheveux clairsem\u00e9s font \u00e9galement partie de la gamme respective. Notre gamme comprend \u00e9galement des ciseaux \u00e0 cheveux pour gauchers ou des ciseaux de toilettage pour chiens.<\/p>\n<p>En plus des ciseaux \u00e0 usage professionnel, nous proposons \u00e9galement des ciseaux \u00e0 usage domestique, tels que des ciseaux de m\u00e9nage, des ciseaux de tailleur et des ciseaux \u00e0 cranter.[\/vc_column_text][\/vc_column][vc_column width=&#8220;1\/2&#8243;][vc_single_image image=&#8220;6978&#8243; img_size=&#8220;full&#8220;][vc_row_inner][vc_column_inner][vc_column_text]<\/p>\n<h3><strong>Rasoir<\/strong><\/h3>\n<p>[\/vc_column_text][vc_column_text]<\/p>\n<div>\n<p>Tous nos rasoirs droits sont fabriqu\u00e9s en acier inoxydable tremp\u00e9 avec des poign\u00e9es pratiques ajust\u00e9es en ABS incassable, des poign\u00e9es en acier inoxydable et en bois avec une excellente garantie de qualit\u00e9.<\/p>\n<\/div>\n<div id=\"malwarebytes-root\"><\/div>\n<p>[\/vc_column_text][\/vc_column_inner][\/vc_row_inner][\/vc_column][\/vc_row][vc_row][vc_column][vc_separator][\/vc_column][\/vc_row][vc_row][vc_column width=&#8220;1\/2&#8243;][vc_column_text]<\/p>\n<h3><strong>Ciseaux \u00e0 cuticules<\/strong><\/h3>\n<p>[\/vc_column_text][vc_column_text]Les ciseaux \u00e0 cuticules sont de petits ciseaux fins \u00e0 lames courbes, fines ou tr\u00e8s pointues. Leur travail consiste \u00e0 \u00e9liminer les cuticules desserr\u00e9es et l&#8217;exc\u00e8s de peau sur le lit de l&#8217;ongle. Excellent propose une large gamme de ciseaux \u00e0 cuticules avec diff\u00e9rentes pointes et formes.[\/vc_column_text][vc_single_image image=&#8220;7047&#8243; img_size=&#8220;full&#8220;][vc_column_text]<\/p>\n<h4><strong>Ciseaux \u00e0 cuticules Excellent<\/strong><\/h4>\n<p>[\/vc_column_text][\/vc_column][vc_column width=&#8220;1\/2&#8243;][vc_single_image image=&#8220;7045&#8243; img_size=&#8220;full&#8220;][vc_column_text]<\/p>\n<h4><strong>Ciseaux \u00e0 ongles Excellent<\/strong><\/h4>\n<p>[\/vc_column_text][vc_column_text]<\/p>\n<h3><strong>Coupe-ongle<\/strong><\/h3>\n<p>[\/vc_column_text][vc_column_text]Les ciseaux \u00e0 ongles sont de petits ciseaux robustes avec une lame courte et g\u00e9n\u00e9ralement incurv\u00e9e. Ils sont utilis\u00e9s pour couper et tailler les ongles des mains et des pieds.[\/vc_column_text][\/vc_column][\/vc_row][vc_row][vc_column][vc_separator][\/vc_column][\/vc_row][vc_row][vc_column width=&#8220;1\/2&#8243;][vc_column_text]<\/p>\n<h3><strong>Pince \u00e0 \u00e9piler<\/strong><\/h3>\n<p>[\/vc_column_text][vc_column_text]Excellent propose une large gamme de pincettes diff\u00e9rentes pour diff\u00e9rentes applications, y compris des pincettes \u00e0 \u00e9chardes, des pincettes de pr\u00e9cision, des pincettes de laboratoire, des pincettes \u00e0 tiques, des pincettes pointues, des pincettes \u00e0 manucure et des pincettes \u00e0 p\u00e9dicure. Une s\u00e9lection de pincettes de forme droite\/incurv\u00e9e\/pointue ainsi que des pincettes grossissantes sp\u00e9ciales et des pincettes l\u00e9g\u00e8res sont \u00e9galement disponibles. Toutes nos pincettes sont en acier inoxydable, st\u00e9rilisable et tremp\u00e9.[\/vc_column_text][vc_single_image image=&#8220;6982&#8243; img_size=&#8220;full&#8220;][\/vc_column][vc_column width=&#8220;1\/2&#8243;][vc_single_image image=&#8220;7006&#8243; img_size=&#8220;full&#8220;][vc_column_text]<\/p>\n<h4><strong>Pince \u00e0 \u00e9piler Excellente<\/strong><\/h4>\n<p>[\/vc_column_text][vc_column_text]Excellent propose des pinces \u00e0 \u00e9piler dans diff\u00e9rents mod\u00e8les. Pour l&#8217;utilisation de diff\u00e9rentes formes de main, vous pouvez \u00e9galement trouver chez nous des pinces \u00e0 \u00e9piler de formes \u00e9troites et larges. Il nous est \u00e9galement possible de fabriquer des pincettes pour vos clients comme cadeau promotionnel sp\u00e9cial avec votre logo.[\/vc_column_text][vc_single_image image=&#8220;7008&#8243; img_size=&#8220;full&#8220;][vc_column_text]<\/p>\n<h4><strong>Pince \u00e0 \u00e9clats Excellent<\/strong><\/h4>\n<p>[\/vc_column_text][\/vc_column][\/vc_row][vc_row][vc_column][vc_separator][\/vc_column][\/vc_row][vc_row][vc_column width=&#8220;1\/2&#8243;][vc_column_text]<\/p>\n<h3><b>Raboteuses &amp; limes et r\u00e2pes<\/b><\/h3>\n<p>[\/vc_column_text][vc_column_text]Les limes d&#8217;Excellent peuvent \u00eatre trouv\u00e9es avec diff\u00e9rentes granulom\u00e9tries et l&#8217;effet de meulage associ\u00e9. Des limes abrasives, des limes diamant\u00e9es, des limes \u00e0 polir ainsi que des limes m\u00e9talliques tr\u00e8s robustes sont disponibles dans notre gamme de produits. Nos limes ont \u00e0 la fois une face rugueuse (gros grain) et une face fine (grain fin). Le meilleur r\u00e9sultat est obtenu en appliquant avec le c\u00f4t\u00e9 rugueux puis en affinant avec le c\u00f4t\u00e9 plus fin. Les limes en m\u00e9tal sont des limes tr\u00e8s robustes avec une longue dur\u00e9e de vie et peuvent \u00eatre utilis\u00e9es au quotidien.[\/vc_column_text][vc_single_image image=&#8220;7011&#8243; img_size=&#8220;full&#8220;][vc_column_text]<\/p>\n<h4><strong>Fl\u00e8ches saphir Excellent<\/strong><\/h4>\n<p>[\/vc_column_text][\/vc_column][vc_column width=&#8220;1\/2&#8243;][vc_single_image image=&#8220;7013&#8243; img_size=&#8220;full&#8220;][vc_column_text]<\/p>\n<h4> <strong>R\u00e2pe en m\u00e9tal Excellente<\/strong><\/h4>\n<p>[\/vc_column_text][vc_column_text]Que ce soit pour \u00e9liminer les callosit\u00e9s des pieds ou des mains ou pour limer les ongles, Excellent propose un large choix de rabots, limes et r\u00e2pes pour des applications m\u00e9dicales et cosm\u00e9tiques. Les r\u00e2pes conviennent \u00e9galement pour enlever la peau durcie (callosit\u00e9s) et les cuticules plus \u00e9paisses. D&#8217;excellentes r\u00e2pes et limes vous permettent d&#8217;enlever facilement et en toute s\u00e9curit\u00e9 la peau durcie, \u00e9paissie ou morte.[\/vc_column_text][\/vc_column][\/vc_row][vc_row][vc_column][vc_separator][\/vc_column][\/vc_row][vc_row][vc_column width=&#8220;1\/2&#8243;][vc_single_image image=&#8220;6651&#8243; img_size=&#8220;full&#8220;][vc_column_text]<\/p>\n<h4><strong>Trousse de manucure et de p\u00e9dicure Excellent<\/strong><\/h4>\n<p>[\/vc_column_text][\/vc_column][vc_column width=&#8220;1\/2&#8243;][vc_column_text]<\/p>\n<h3><b>Trousses de manucure et de p\u00e9dicure<\/b><\/h3>\n<p>[\/vc_column_text][vc_column_text]Les \u00e9tuis \u00e0 manucure et p\u00e9dicure sont particuli\u00e8rement adapt\u00e9s pour les voyages ou comme cadeaux. En raison de la large gamme, diff\u00e9rentes tailles pour diff\u00e9rents \u00e9quipements peuvent \u00eatre propos\u00e9es entre les \u00e9tuis en cuir et les \u00e9tuis en acier inoxydable. Gr\u00e2ce \u00e0 l&#8217;\u00e9quipement individuel, le client peut d\u00e9cider lui-m\u00eame quels instruments sont importants pour ses soins quotidiens des pieds et de la peau et veut toujours les emporter avec lui dans un \u00e9tui chic et chic.<\/p>\n<p><a id=\"Kontakt\"><\/a>[\/vc_column_text][\/vc_column][\/vc_row][vc_row][vc_column][vc_separator][\/vc_column][\/vc_row][vc_row][vc_column width=&#8220;2\/5&#8243;][vc_widget_sidebar sidebar_id=&#8220;footer-area-1&#8243;][\/vc_column][vc_column width=&#8220;3\/5&#8243;][vc_gmaps link=&#8220;#E-8_JTNDaWZyYW1lJTIwc3JjJTNEJTIyaHR0cHMlM0ElMkYlMkZ3d3cuZ29vZ2xlLmNvbSUyRm1hcHMlMkZlbWJlZCUzRnBiJTNEJTIxMW0xOCUyMTFtMTIlMjExbTMlMjExZDExMjMuNDU5MDA5NTMwMjA5JTIxMmQ2Ljk5MTc2NDc3MzQ2MDI5NCUyMTNkNTEuMTY4MDgzMDE3NDE2NDE0JTIxMm0zJTIxMWYwJTIxMmYwJTIxM2YwJTIxM20yJTIxMWkxMDI0JTIxMmk3NjglMjE0ZjEzLjElMjEzbTMlMjExbTIlMjExczB4NDdiOGQyZTRlNGQ3NjU0MSUyNTNBMHgzMmU4OGRlMjdmZWRkZGEwJTIxMnNIaWxkZW5lciUyQlN0ci4lMkIyNyUyNTJDJTJCNDI2OTclMkJTb2xpbmdlbiUyMTVlMCUyMTNtMiUyMTFzZW4lMjEyc2RlJTIxNHYxNTQ0MjI1OTA4Mjg5JTIyJTIwd2lkdGglM0QlMjI2MDAlMjIlMjBoZWlnaHQlM0QlMjI0NTAlMjIlMjBmcmFtZWJvcmRlciUzRCUyMjAlMjIlMjBzdHlsZSUzRCUyMmJvcmRlciUzQTAlMjIlMjBhbGxvd2Z1bGxzY3JlZW4lM0QlMjIlMjIlM0UlM0MlMkZpZnJhbWUlM0U=&#8220; size=&#8220;500&#8243;][vc_column_text]\n<div class=\"wpcf7 no-js\" id=\"wpcf7-f6668-o1\" lang=\"de-DE\" dir=\"ltr\" data-wpcf7-id=\"6668\">\n<div class=\"screen-reader-response\"><p role=\"status\" aria-live=\"polite\" aria-atomic=\"true\"><\/p> <ul><\/ul><\/div>\n<form action=\"\/en\/wp-json\/wp\/v2\/pages\/7413#wpcf7-f6668-o1\" method=\"post\" class=\"wpcf7-form init\" aria-label=\"Contact form\" novalidate=\"novalidate\" data-status=\"init\" data-trp-original-action=\"\/en\/wp-json\/wp\/v2\/pages\/7413#wpcf7-f6668-o1\">\n<fieldset class=\"hidden-fields-container\"><input type=\"hidden\" name=\"_wpcf7\" value=\"6668\" \/><input type=\"hidden\" name=\"_wpcf7_version\" value=\"6.1.5\" \/><input type=\"hidden\" name=\"_wpcf7_locale\" value=\"de_DE\" \/><input type=\"hidden\" name=\"_wpcf7_unit_tag\" value=\"wpcf7-f6668-o1\" \/><input type=\"hidden\" name=\"_wpcf7_container_post\" value=\"0\" \/><input type=\"hidden\" name=\"_wpcf7_posted_data_hash\" value=\"\" \/>\n<\/fieldset>\n<p><label> Your name (mandatory field)<br \/>\n<span class=\"wpcf7-form-control-wrap\" data-name=\"your-name\"><input size=\"40\" maxlength=\"400\" class=\"wpcf7-form-control wpcf7-text wpcf7-validates-as-required\" aria-required=\"true\" aria-invalid=\"false\" value=\"\" type=\"text\" name=\"your-name\" \/><\/span> <\/label><br \/>\n<label> Your e-mail address (mandatory field)<br \/>\n<span class=\"wpcf7-form-control-wrap\" data-name=\"your-email\"><input size=\"40\" maxlength=\"400\" class=\"wpcf7-form-control wpcf7-email wpcf7-validates-as-required wpcf7-text wpcf7-validates-as-email\" aria-required=\"true\" aria-invalid=\"false\" value=\"\" type=\"email\" name=\"your-email\" \/><\/span> <\/label><br \/>\n<label> Subject<br \/>\n<span class=\"wpcf7-form-control-wrap\" data-name=\"your-subject\"><input size=\"40\" maxlength=\"400\" class=\"wpcf7-form-control wpcf7-text\" aria-invalid=\"false\" value=\"\" type=\"text\" name=\"your-subject\" \/><\/span> <\/label><br \/>\n<label> Your message<br \/>\n<span class=\"wpcf7-form-control-wrap\" data-name=\"your-message\"><textarea cols=\"40\" rows=\"10\" maxlength=\"2000\" class=\"wpcf7-form-control wpcf7-textarea\" aria-invalid=\"false\" name=\"your-message\"><\/textarea><\/span> <\/label>\n<\/p>\n<p><input class=\"wpcf7-form-control wpcf7-submit has-spinner\" type=\"submit\" value=\"Send\" \/>\n<\/p><div class=\"wpcf7-response-output\" aria-hidden=\"true\"><\/div>\n<input type=\"hidden\" name=\"trp-form-language\" value=\"en\"\/><\/form>\n<\/div>\n[\/vc_column_text][\/vc_column][\/vc_row]<\/p>","protected":false},"excerpt":{"rendered":"<p>[vc_row][vc_column][vc_column_text] \u00c0 PROPOS DE NOUS [\/vc_column_text][vc_column_text] Bienvenue chez Excellent GmbH \u00e0 Solingen Votre sp\u00e9cialiste dans la fabrication et la vente d&#8217;instruments de soins corporels dans le domaine de la manucure et p\u00e9dicure [\/vc_column_text][vc_column_text]La soci\u00e9t\u00e9 Excellent GmbH bas\u00e9e \u00e0 Solingen est le sp\u00e9cialiste de la production de pinces de manucure et de p\u00e9dicure de haute qualit\u00e9, [&hellip;]<\/p>","protected":false},"author":1,"featured_media":0,"parent":0,"menu_order":0,"comment_status":"closed","ping_status":"closed","template":"","meta":{"_exactmetrics_skip_tracking":false,"_exactmetrics_sitenote_active":false,"_exactmetrics_sitenote_note":"","_exactmetrics_sitenote_category":0,"footnotes":""},"class_list":["post-7413","page","type-page","status-publish","hentry"],"_links":{"self":[{"href":"https:\/\/excellent-solingen.de\/en\/wp-json\/wp\/v2\/pages\/7413","targetHints":{"allow":["GET"]}}],"collection":[{"href":"https:\/\/excellent-solingen.de\/en\/wp-json\/wp\/v2\/pages"}],"about":[{"href":"https:\/\/excellent-solingen.de\/en\/wp-json\/wp\/v2\/types\/page"}],"author":[{"embeddable":true,"href":"https:\/\/excellent-solingen.de\/en\/wp-json\/wp\/v2\/users\/1"}],"replies":[{"embeddable":true,"href":"https:\/\/excellent-solingen.de\/en\/wp-json\/wp\/v2\/comments?post=7413"}],"version-history":[{"count":0,"href":"https:\/\/excellent-solingen.de\/en\/wp-json\/wp\/v2\/pages\/7413\/revisions"}],"wp:attachment":[{"href":"https:\/\/excellent-solingen.de\/en\/wp-json\/wp\/v2\/media?parent=7413"}],"curies":[{"name":"wp","href":"https:\/\/api.w.org\/{rel}","templated":true}]}}