{"id":9142,"date":"2017-12-30T00:26:32","date_gmt":"2017-12-29T23:26:32","guid":{"rendered":"https:\/\/excellent-solingen.de\/imprimir\/"},"modified":"2023-10-23T20:40:32","modified_gmt":"2023-10-23T18:40:32","slug":"imprimir","status":"publish","type":"page","link":"https:\/\/excellent-solingen.de\/en\/imprimir\/","title":{"rendered":"IMPRIMIR"},"content":{"rendered":"<div data-elementor-type=\"wp-page\" data-elementor-id=\"9142\" class=\"elementor elementor-9142\" data-elementor-post-type=\"page\">\n\t\t\t\t\t\t<section class=\"elementor-section elementor-top-section elementor-element elementor-element-111a7fa7 elementor-section-boxed elementor-section-height-default elementor-section-height-default\" data-id=\"111a7fa7\" data-element_type=\"section\">\n\t\t\t\t\t\t<div class=\"elementor-container elementor-column-gap-default\">\n\t\t\t\t\t<div class=\"elementor-column elementor-col-100 elementor-top-column elementor-element elementor-element-76175898\" data-id=\"76175898\" data-element_type=\"column\">\n\t\t\t<div class=\"elementor-widget-wrap elementor-element-populated\">\n\t\t\t\t\t\t<div class=\"elementor-element elementor-element-2087ba67 elementor-widget elementor-widget-text-editor\" data-id=\"2087ba67\" data-element_type=\"widget\" data-widget_type=\"text-editor.default\">\n\t\t\t\t<div class=\"elementor-widget-container\">\n\t\t\t\t\t\t\t\t\t<h3><strong>imprimir<\/strong><\/h3>\n<p><strong>Excelente GmbH<\/strong> (responsabilidad limitada)<\/p>\n<\/p>\n<p>Director general:<\/p>\n<p><strong>ashik muhammad<\/strong><\/p>\n<p><strong>Hildenerstrasse 27<\/strong><\/p>\n<p><strong>42697 Solinga<\/strong><\/p>\n<p><strong>Alemania<\/strong><\/p>\n<\/p>\n<p>Tel\u00e9fono: <strong>+49 (0)212 \/ 2682259<\/strong><\/p>\n<p>M\u00f3vil: <strong>+49 (0)178 \/ 9772668<\/strong><\/p>\n<p>Fax: <strong>+49 (0)212 \/ 2682261<\/strong><\/p>\n<p>Correo electr\u00f3nico: <strong><a href=\"applewebdata:\/\/FB6CC145-02D6-4868-8FD3-4AE075EE7828\/info@excellent-solingen.de\">info@excellent-solingen.de<\/a><\/strong><\/p>\n<\/p>\n<p>Tribunal de registro: <strong>tribunal de distrito de Wuppertal<\/strong><\/p>\n<p>N\u00famero de registro: <strong>HRB 21815<\/strong><\/p>\n<p>N\u00famero de identificaci\u00f3n fiscal de ventas: <strong>EN 264003254<\/strong><\/p>\n<p>N\u00famero de identificaci\u00f3n econ\u00f3mica: <strong>EN 264003254<\/strong><\/p>\n<p>Responsable seg\u00fan \u00a7 55 p\u00e1rr. 2 RStV:<\/p>\n<p><strong>ashik muhammad<\/strong><\/p>\n<p><strong>Hildenerstrasse 27<\/strong><\/p>\n<p><strong>42697 Solinga<\/strong><\/p>\n<p><strong>Alemania<\/strong><\/p>\n\t\t\t\t\t\t\t\t<\/div>\n\t\t\t\t<\/div>\n\t\t\t\t\t<\/div>\n\t\t<\/div>\n\t\t\t\t\t<\/div>\n\t\t<\/section>\n\t\t\t\t<\/div>","protected":false},"excerpt":{"rendered":"<p>imprimir Excelente GmbH (responsabilidad limitada) Director general: ashik muhammad Hildenerstra\u00dfe 27 42697 Solinga Alemania Tel\u00e9fono: +49 (0)212 \/ 2682259 M\u00f3vil: +49 (0)178 \/ 9772668 Fax: +49 (0)212 \/ 2682261 Correo electr\u00f3nico: info@excellent-solingen.de Tribunal de registro: tribunal de distrito de Wuppertal N\u00famero de registro: HRB 21815 N\u00famero de identificaci\u00f3n fiscal de ventas: DE 264003254 N\u00famero de [&hellip;]<\/p>","protected":false},"author":1,"featured_media":0,"parent":0,"menu_order":0,"comment_status":"closed","ping_status":"closed","template":"","meta":{"_exactmetrics_skip_tracking":false,"_exactmetrics_sitenote_active":false,"_exactmetrics_sitenote_note":"","_exactmetrics_sitenote_category":0,"footnotes":""},"class_list":["post-9142","page","type-page","status-publish","hentry"],"_links":{"self":[{"href":"https:\/\/excellent-solingen.de\/en\/wp-json\/wp\/v2\/pages\/9142","targetHints":{"allow":["GET"]}}],"collection":[{"href":"https:\/\/excellent-solingen.de\/en\/wp-json\/wp\/v2\/pages"}],"about":[{"href":"https:\/\/excellent-solingen.de\/en\/wp-json\/wp\/v2\/types\/page"}],"author":[{"embeddable":true,"href":"https:\/\/excellent-solingen.de\/en\/wp-json\/wp\/v2\/users\/1"}],"replies":[{"embeddable":true,"href":"https:\/\/excellent-solingen.de\/en\/wp-json\/wp\/v2\/comments?post=9142"}],"version-history":[{"count":0,"href":"https:\/\/excellent-solingen.de\/en\/wp-json\/wp\/v2\/pages\/9142\/revisions"}],"wp:attachment":[{"href":"https:\/\/excellent-solingen.de\/en\/wp-json\/wp\/v2\/media?parent=9142"}],"curies":[{"name":"wp","href":"https:\/\/api.w.org\/{rel}","templated":true}]}}