{"id":12755,"date":"2020-05-24T13:03:55","date_gmt":"2020-05-24T11:03:55","guid":{"rendered":"https:\/\/excellent-solingen.de\/om-os\/"},"modified":"2023-02-06T15:26:51","modified_gmt":"2023-02-06T14:26:51","slug":"om-os","status":"publish","type":"page","link":"https:\/\/excellent-solingen.de\/es\/om-os\/","title":{"rendered":"OM OS"},"content":{"rendered":"<p>[vc_row][vc_column][vc_column_text]<\/p>\n<h3><strong>Om os<\/strong><\/h3>\n<p>[\/vc_column_text][vc_column_text]<\/p>\n<h2 style=\"text-align: center;\"><strong>Bienvenido a Solingen hos Excellent GmbH<\/strong><\/h2>\n<h2 style=\"text-align: center;\"><strong>Su especialista en producci\u00f3n y distribuci\u00f3n de instrumentos para manicura y pedicura. <\/strong><strong>manicura y pedicura<\/strong><\/h2>\n<p>[\/vc_column_text][vc_column_text]Excellent GmbH med hoveds\u00e6de i Solingen, Tyskland, er specialist i fremstilling af manicure- og pedicuret\u00e6nger, ortonyxet\u00e6nger, sakse, pincetter, knive og instrumenter af rustfrit st\u00e5l af h\u00f8j kvalitet.<\/p>\n<p>Con los nuevos art\u00edculos, puede dedicar sus cuidados a un programa de bienestar individual. La amplia gama de manicura\/pedicura de rustfrit contiene todos los instrumentos que necesita para su programa de cuidado diario.<\/p>\n<p>Tambi\u00e9n puede descargar toda nuestra gama de productos como cat\u00e1logo en productos menupunktet, o puede utilizar nuestro formulario de contacto para preguntas espec\u00edficas. Los miembros de nuestro equipo se pondr\u00e1n en contacto con usted directamente. Puede obtener una lista de precios de nuestros productos utilizando nuestro formulario de contacto o envi\u00e1ndonos un correo electr\u00f3nico a <a href=\"mailto:info@excellent-solingen.de\">info@excellent-solingen.de<\/a>. Como granista, proporcionaremos servicio OEM a su cliente. Si no es el caso, nuestros clientes pueden hacer grabar su propio logotipo en sus instrumentos. Nuestra gama de productos incluye mangos de detalle, ap\u00f3stoles, instrumentos de medida, instrumentos de medici\u00f3n y instrumentos de medida.<\/p>\n<div>\n<h3><a id=\"Produkte\"><\/a><\/h3>\n<\/div>\n<p>[\/vc_column_text][vc_btn title=&#8220;Tag et kig p\u00e5 vores produktkatalog&#8220; color=&#8220;black&#8220; size=&#8220;lg&#8220; align=&#8220;center&#8220; link=&#8220;url:https%3A%2F%2Fexcellent-solingen.de%2Fwp-content%2Fuploads%2F2022%2F05%2FProduktkatalog-Excellent-2020-Englisch.pdf|&#8220;][\/vc_column][\/vc_row][vc_row][vc_column][vc_separator][\/vc_column][\/vc_row][vc_row][vc_column][vc_column_text]Bem\u00e6rk venligst, at vi tilbyder <strong>1 a\u00f1o de garant\u00eda de producci\u00f3n + 1 servicio de entrega gratuito<\/strong> inden for garantiperioden p\u00e5 alle produkter. Alle artikler er fremstillet af rustfrit st\u00e5l, 100% steriliserbart og allergivenligt. I vores sortiment f\u00f8rer vi alle t\u00e6nger fra Excellent GmbH fra Solingen og kan derfor garantere dig en meget god m\u00e6rkkvalitet, som allerede er kendetegnet ved materialer af h\u00f8j kvalitet og ender med en professionel kontrol af hver enkelt tang.[\/vc_column_text][vc_single_image image=&#8220;12663&#8243; img_size=&#8220;full&#8220; alignment=&#8220;center&#8220;][\/vc_column][\/vc_row][vc_row][vc_column][vc_column_text]<\/p>\n<h3><strong>Producto<\/strong><\/h3>\n<p>[\/vc_column_text][\/vc_column][\/vc_row][vc_row][vc_column width=&#8220;1\/2&#8243;][counter number=&#8220;500&#8243; title=&#8220;Produkter&#8220; prefix=&#8220;&gt;&#8220; icon=&#8220;icon-buffer&#8220; color=&#8220;#009245&#8243;][\/vc_column][vc_column width=&#8220;1\/2&#8243;][counter title=&#8220;Engrospriser&#8220; icon=&#8220;icon-basket&#8220; color=&#8220;#009245&#8243;][\/vc_column][\/vc_row][vc_row][vc_column][vc_column_text]Hvis du er interesseret i et af vores produkter eller gerne vil vide mere, bedes du udfylde kontaktformularen, s\u00e5 vender vi tilbage til dig hurtigst muligt.[\/vc_column_text][\/vc_column][\/vc_row][vc_row][vc_column width=&#8220;1\/2&#8243;][vc_single_image image=&#8220;6759&#8243; img_size=&#8220;full&#8220;][\/vc_column][vc_column width=&#8220;1\/2&#8243;][vc_column_text]<\/p>\n<h3><strong>Manicura<\/strong><\/h3>\n<p>[\/vc_column_text][vc_column_text]Manicure er pleje og behandling af h\u00e6nderne. Hos Excellent GmbH tilbyder vi dig et omfattende udvalg af instrumenter til pleje af dine h\u00e6nder. Det drejer sig bl.a. om neglefile til at file negle og negleklippere til at klippe negle. Vi har ogs\u00e5 et bredt udvalg af tangenter (negletang, hj\u00f8rnetang, negleb\u00e5ndstang) med forskellige st\u00f8rrelser og sk\u00e6reformer. Vores produkter er velegnede til professionel brug, f.eks. i sk\u00f8nhedssaloner, s\u00e5vel som til privat brug i hjemmet.[\/vc_column_text][\/vc_column][\/vc_row][vc_row][vc_column][vc_separator][\/vc_column][\/vc_row][vc_row][vc_column width=&#8220;1\/2&#8243;][vc_column_text]<\/p>\n<h3><strong>Pedicura<\/strong><\/h3>\n<p>[\/vc_column_text][vc_column_text]Modstykket til manicure er fodpleje, som hovedsagelig drejer sig om at afkorte t\u00e5negle og fjerne h\u00e5rd hud p\u00e5 f\u00f8dderne. Til professionel pleje af f\u00f8dderne tilbyder vi hos Excellent GmbH dig neglet\u00e6nger og negleklippere af h\u00f8j kvalitet samt et stort udvalg af rasper og sakse specielt til f\u00f8dderne.[\/vc_column_text][\/vc_column][vc_column width=&#8220;1\/2&#8243;][vc_single_image image=&#8220;4909&#8243; img_size=&#8220;full&#8220;][\/vc_column][\/vc_row][vc_row][vc_column][vc_separator][\/vc_column][\/vc_row][vc_row][vc_column width=&#8220;1\/2&#8243;][vc_column_text]<\/p>\n<h3><strong>T\u00e6nger<\/strong><\/h3>\n<p>[\/vc_column_text][vc_column_text]Til manicure og pedicure tilbyder vi negletang, hj\u00f8rnetang, negleb\u00e5ndstang og negleklipper i vores sortiment. De forskellige st\u00f8rrelser og sk\u00e6rehovedformer p\u00e5 tangerne viser de forskellige anvendelsesmuligheder inden for manicure og pedicure.[\/vc_column_text][vc_single_image image=&#8220;7025&#8243; img_size=&#8220;full&#8220;][vc_column_text]<\/p>\n<h4 style=\"text-align: center;\"><strong>Hudtang Fremragende<\/strong><\/h4>\n<p>[\/vc_column_text][vc_column_text]Negleb\u00e5ndst\u00e6nger bruges til at fjerne hudrester fra neglene. Negleb\u00e5ndst\u00e6nger er specielle t\u00e6nger og s\u00e6rligt velegnede til professionel brug inden for fodpleje. Neglet\u00e6nger, hj\u00f8rnet\u00e6nger og negleb\u00e5ndst\u00e6nger f\u00e5s i forskellige udformninger med forskellige l\u00e6ngder og sk\u00e6rekanter. Du finder bl.a. neglet\u00e6nger med forskellige fjedre, f.eks. bufferfjeder, dobbeltfjeder eller foldefjeder.[\/vc_column_text][vc_single_image image=&#8220;7027&#8243; img_size=&#8220;full&#8220;][vc_column_text]<\/p>\n<h4 style=\"text-align: center;\"><strong>Hj\u00f8rnet\u00e6nger Fremragende<\/strong><\/h4>\n<p>[\/vc_column_text][vc_column_text]Hj\u00f8rnet\u00e6nger er s\u00e6rligt velegnede til behandling af hj\u00f8rnesnegle. Hj\u00f8rnetang er en speciel tang og er s\u00e6rlig velegnet til professionel brug inden for fodpleje. Udover t\u00e6nger til manicure og pedicure tilbyder vi ogs\u00e5 ortonyxet\u00e6nger, som f.eks. tweed-t\u00e6nger eller sideklippere. Disse t\u00e6nger har specielt udformede sk\u00e6rekanter, som er designet til s\u00e6rlig brug.[\/vc_column_text][\/vc_column][vc_column width=&#8220;1\/2&#8243;][vc_single_image image=&#8220;7028&#8243; img_size=&#8220;full&#8220;][vc_column_text]<\/p>\n<h4 style=\"text-align: center;\"><strong>Alicates para u\u00f1as Fremragende<\/strong><\/h4>\n<p>[\/vc_column_text][vc_column_text]Negletang og negleklipper er s\u00e6rligt velegnede til at afkorte og forme neglene. Det er tilr\u00e5deligt at klippe neglene efter brusebad eller bad, da neglene s\u00e5 er gennemv\u00e6det og kan klippes s\u00e6rligt let. Neglet\u00e6nger kaldes ofte ogs\u00e5 t\u00e5negle-t\u00e6nger eller hovedsk\u00e6rere og anvendes ofte af professionelle brugere inden for fodpleje (fodpleje). Excellent har specialiseret sig i s\u00f8mt\u00e6nger i forskellige udformninger (spids, revolver, buet osv.) og anvendelsesomr\u00e5der (diabetikert\u00e6nger). Negleklippere er vigtige i den forebyggende, terapeutiske og rehabiliterende behandling af foden.[\/vc_column_text][vc_single_image image=&#8220;7030&#8243; img_size=&#8220;full&#8220;][vc_column_text]Negleklippere bruges til at klippe genstridige og tykke fingernegle og t\u00e5negle. Fremragende tilbud p\u00e5 negleklippere med b\u00e5de lige og buede sk\u00e6rekanter. En lige kant giver et rent snit, mens en buet kant er bedre til at sk\u00e6re former. P\u00e5 grund af l\u00f8ftestangen kan selv tykkere negle klippes uden problemer. Den robuste udf\u00f8relse giver et sikkert greb og minimerer risikoen for skader.[\/vc_column_text][\/vc_column][\/vc_row][vc_row][vc_column][vc_separator][\/vc_column][vc_column][vc_tta_accordion][vc_tta_section title=&#8220;Negleklipper&#8220; tab_id=&#8220;1659117216722-3d3f3bc7-58f8&#8243;][vc_images_carousel images=&#8220;11982,11968,11954,11940,11926,12477,12491,12505,12519&#8243; img_size=&#8220;full&#8220; onclick=&#8220;custom_link&#8220; custom_links_target=&#8220;_blank&#8220; slides_per_view=&#8220;5&#8243; custom_links=&#8220;#E-8_aHR0cHMlM0ElMkYlMkZ3d3cuZXhjZWxsZW50LWluc3RydW1lbnRlLmRlJTJGemFuZ2VuJTJG&#8220;][\/vc_tta_section][\/vc_tta_accordion][\/vc_column][\/vc_row][vc_row][vc_column][vc_separator][\/vc_column][\/vc_row][vc_row][vc_column width=&#8220;1\/2&#8243;][vc_column_text]<\/p>\n<h3><strong>Neglesaks<\/strong><\/h3>\n<p>[\/vc_column_text][vc_column_text]En neglesaks er en lille fin saks med en buet, tynd eller meget skarp sk\u00e6rekant. Dens opgave er at fjerne l\u00f8snede negleb\u00e5nd og udst\u00e5ende hudrester fra negleb\u00e5ndet. Excellent tilbyder et bredt udvalg af neglesakse med forskellige spidser og former.[\/vc_column_text][vc_single_image image=&#8220;7047&#8243; img_size=&#8220;full&#8220;][vc_column_text]<\/p>\n<h4 style=\"text-align: center;\"><strong>Neglesak's Fremragende<\/strong><\/h4>\n<p>[\/vc_column_text][\/vc_column][vc_column width=&#8220;1\/2&#8243;][vc_single_image image=&#8220;7045&#8243; img_size=&#8220;full&#8220;][vc_column_text]<\/p>\n<h4 style=\"text-align: center;\"><strong>Neglesak's Fremragende<\/strong><\/h4>\n<p>[\/vc_column_text][vc_column_text]<\/p>\n<h3><strong>Saks til negle<\/strong><\/h3>\n<p>[\/vc_column_text][vc_column_text]En neglesaks er en lille, robust saks med en kort, normalt buet sk\u00e6rekant. De bruges til at afkorte og forme fingernegle og t\u00e5negle.[\/vc_column_text][\/vc_column][\/vc_row][vc_row][vc_column][vc_tta_accordion][vc_tta_section title=&#8220;Neglesakse og neglesakse&#8220; tab_id=&#8220;1661717891259-3cfdcf5f-30eb&#8220;][vc_images_carousel images=&#8220;12285,12327,12341,12374,12389,12534,12313,12548,12562&#8243; img_size=&#8220;full&#8220; onclick=&#8220;custom_link&#8220; slides_per_view=&#8220;5&#8243; custom_links=&#8220;#E-8_aHR0cHMlM0ElMkYlMkZ3d3cuZXhjZWxsZW50LWluc3RydW1lbnRlLmRlJTJGaGF1dC1uYWdlbHNjaGVyZW4lMkY=&#8220;][\/vc_tta_section][\/vc_tta_accordion][vc_separator][\/vc_column][\/vc_row][vc_row][vc_column width=&#8220;1\/2&#8243;][vc_column_text]<\/p>\n<h3><strong>Pincet<\/strong><\/h3>\n<p>[\/vc_column_text][vc_column_text]Excellent tilbyder en bred vifte af forskellige pincetter til forskellige anvendelser, herunder splinterpincetter, pr\u00e6cisionspincetter, laboratoriepincetter, krydsningspincetter, spidse pincetter, manicurepincetter og pedicurepincetter. Der findes ogs\u00e5 et udvalg af lige\/buede\/spidse pincetter samt specielle forst\u00f8rrelsespincetter og lyspincetter. Alle vores pincetter er fremstillet af rustfrit, steriliserbart, h\u00e6rdet st\u00e5l.[\/vc_column_text][vc_single_image image=&#8220;6982&#8243; img_size=&#8220;full&#8220;][\/vc_column][vc_column width=&#8220;1\/2&#8243;][vc_single_image image=&#8220;7006&#8243; img_size=&#8220;full&#8220;][vc_column_text]<\/p>\n<h4 style=\"text-align: center;\"><strong>Pincet til plukning af h\u00e5r Fremragende<\/strong><\/h4>\n<p>[\/vc_column_text][vc_column_text]Excellent tilbyder pincetter i forskellige designs. Til brug for forskellige h\u00e5ndformer kan du ogs\u00e5 finde pincetter i smalle og brede former hos os. Det er ogs\u00e5 muligt for os at fremstille pincetter til dine kunder som en s\u00e6rlig reklamegave med dit logo.[\/vc_column_text][vc_single_image image=&#8220;7008&#8243; img_size=&#8220;full&#8220;][vc_column_text]<\/p>\n<h4 style=\"text-align: center;\"><strong>Splinterpincet Fremragende<\/strong><\/h4>\n<p>[\/vc_column_text][\/vc_column][\/vc_row][vc_row][vc_column][vc_tta_accordion][vc_tta_section title=&#8220;Pincet&#8220; tab_id=&#8220;1661720043406-965dc5aa-9bfb&#8220;][vc_images_carousel images=&#8220;12404,12418,12432,12446,12576&#8243; img_size=&#8220;full&#8220; onclick=&#8220;custom_link&#8220; slides_per_view=&#8220;5&#8243; custom_links=&#8220;#E-8_aHR0cHMlM0ElMkYlMkZ3d3cuZXhjZWxsZW50LWluc3RydW1lbnRlLmRlJTJGaGF1dC1uYWdlbHNjaGVyZW4lMkY=&#8220;][\/vc_tta_section][\/vc_tta_accordion][vc_separator][\/vc_column][\/vc_row][vc_row][vc_column width=&#8220;1\/2&#8243;][vc_single_image image=&#8220;6651&#8243; img_size=&#8220;full&#8220;][vc_column_text]<\/p>\n<h4 style=\"text-align: center;\"><strong>Estuche de manicura y pedicura Excelente<\/strong><\/h4>\n<p>[\/vc_column_text][\/vc_column][vc_column width=&#8220;1\/2&#8243;][vc_column_text]<\/p>\n<h3><b>Servicio de manicura y pedicura<\/b><\/h3>\n<p>[\/vc_column_text][vc_column_text]Manicure- og pedicureetuier er s\u00e6rligt velegnede til rejser eller som gaver. P\u00e5 grund af det store sortiment kan der tilbydes forskellige st\u00f8rrelser til forskelligt udstyr mellem l\u00e6deretuier og rustfri st\u00e5letuier. P\u00e5 grund af det individuelle udstyr kan kunden selv bestemme, hvilke instrumenter der er vigtige for hans daglige fodpleje og hudpleje, og han \u00f8nsker altid at have dem med sig i en \u00e6del, smart kuffert.<\/p>\n<p><a id=\"Kontakt\"><\/a>[\/vc_column_text][\/vc_column][\/vc_row][vc_row][vc_column width=&#8220;1\/2&#8243;][vc_single_image image=&#8220;5137&#8243; img_size=&#8220;full&#8220;][\/vc_column][vc_column width=&#8220;1\/2&#8243;][vc_column_text]<\/p>\n<h3><strong>Servicio OEM<\/strong><\/h3>\n<p>[\/vc_column_text][vc_column_text]Som producent kan vi godt lide at reagere p\u00e5 vores kunders individuelle \u00f8nsker. Vores kunder kan f\u00e5 deres eget logo indgraveret p\u00e5 deres instrumenter, hvis de \u00f8nsker det.[\/vc_column_text][\/vc_column][\/vc_row][vc_row][vc_column width=&#8220;2\/5&#8243;][vc_column_text]<strong>Excelente GmbH  <\/strong><\/p>\n<p><strong style=\"font-style: inherit;\">Hildener Str. 27<\/strong><\/p>\n<p><strong style=\"font-style: inherit;\">42697 Solingen<\/strong><\/p>\n<p><strong style=\"font-style: inherit;\">Tyskland<\/strong><\/p>\n<p>&nbsp;<\/p>\n<p>Tel\u00e9fono:<strong style=\"font-style: inherit;\"> +49 (0)212 \/ 2682259<\/strong><\/p>\n<p>M\u00f3vil:<strong style=\"font-style: inherit;\"> +49 (0)178 \/ 9772668<\/strong><\/p>\n<p>Fax:<strong style=\"font-style: inherit;\"> +49 (0)212 \/ 2682261<\/strong><\/p>\n<p>Correo electr\u00f3nico:<strong style=\"font-style: inherit;\"> <a href=\"applewebdata:\/\/FB6CC145-02D6-4868-8FD3-4AE075EE7828\/info@excellent-solingen.de\">info@excellent-solingen.de<\/a><\/strong>[\/vc_column_text][\/vc_column][vc_column width=&#8220;3\/5&#8243;][vc_column_text]\n<div class=\"wpcf7 no-js\" id=\"wpcf7-f6668-o1\" lang=\"de-DE\" dir=\"ltr\" data-wpcf7-id=\"6668\">\n<div class=\"screen-reader-response\"><p role=\"status\" aria-live=\"polite\" aria-atomic=\"true\"><\/p> <ul><\/ul><\/div>\n<form action=\"\/es\/wp-json\/wp\/v2\/pages\/12755#wpcf7-f6668-o1\" method=\"post\" class=\"wpcf7-form init\" aria-label=\"Kontaktformular\" novalidate=\"novalidate\" data-status=\"init\" data-trp-original-action=\"\/es\/wp-json\/wp\/v2\/pages\/12755#wpcf7-f6668-o1\">\n<fieldset class=\"hidden-fields-container\"><input type=\"hidden\" name=\"_wpcf7\" value=\"6668\" \/><input type=\"hidden\" name=\"_wpcf7_version\" value=\"6.1.5\" \/><input type=\"hidden\" name=\"_wpcf7_locale\" value=\"de_DE\" \/><input type=\"hidden\" name=\"_wpcf7_unit_tag\" value=\"wpcf7-f6668-o1\" \/><input type=\"hidden\" name=\"_wpcf7_container_post\" value=\"0\" \/><input type=\"hidden\" name=\"_wpcf7_posted_data_hash\" value=\"\" \/>\n<\/fieldset>\n<p><label> Su nombre (campo obligatorio)<br \/>\n<span class=\"wpcf7-form-control-wrap\" data-name=\"your-name\"><input size=\"40\" maxlength=\"400\" class=\"wpcf7-form-control wpcf7-text wpcf7-validates-as-required\" aria-required=\"true\" aria-invalid=\"false\" value=\"\" type=\"text\" name=\"your-name\" \/><\/span> <\/label><br \/>\n<label> Su direcci\u00f3n de correo electr\u00f3nico (campo obligatorio)<br \/>\n<span class=\"wpcf7-form-control-wrap\" data-name=\"your-email\"><input size=\"40\" maxlength=\"400\" class=\"wpcf7-form-control wpcf7-email wpcf7-validates-as-required wpcf7-text wpcf7-validates-as-email\" aria-required=\"true\" aria-invalid=\"false\" value=\"\" type=\"email\" name=\"your-email\" \/><\/span> <\/label><br \/>\n<label> Asunto<br \/>\n<span class=\"wpcf7-form-control-wrap\" data-name=\"your-subject\"><input size=\"40\" maxlength=\"400\" class=\"wpcf7-form-control wpcf7-text\" aria-invalid=\"false\" value=\"\" type=\"text\" name=\"your-subject\" \/><\/span> <\/label><br \/>\n<label> Su mensaje<br \/>\n<span class=\"wpcf7-form-control-wrap\" data-name=\"your-message\"><textarea cols=\"40\" rows=\"10\" maxlength=\"2000\" class=\"wpcf7-form-control wpcf7-textarea\" aria-invalid=\"false\" name=\"your-message\"><\/textarea><\/span> <\/label>\n<\/p>\n<p><input class=\"wpcf7-form-control wpcf7-submit has-spinner\" type=\"submit\" value=\"Enviar\" \/>\n<\/p><div class=\"wpcf7-response-output\" aria-hidden=\"true\"><\/div>\n<input type=\"hidden\" name=\"trp-form-language\" value=\"es\"\/><\/form>\n<\/div>\n[\/vc_column_text][\/vc_column][\/vc_row][vc_row][vc_column][\/vc_column][\/vc_row]<\/p>","protected":false},"excerpt":{"rendered":"<p>[vc_row][vc_column][vc_column_text] Om os [\/vc_column_text][vc_column_text] Velkommen til Solingen hos Excellent GmbH Din specialist i produktion og distribution af instrumenter til kropspleje inden for manicure og pedicure. manicure og pedicure [\/vc_column_text][vc_column_text]Excellent GmbH med hoveds\u00e6de i Solingen, Tyskland, er specialist i fremstilling af manicure- og pedicuret\u00e6nger, ortonyxet\u00e6nger, sakse, pincetter, knive og instrumenter af rustfrit st\u00e5l af h\u00f8j kvalitet. [&hellip;]<\/p>","protected":false},"author":1,"featured_media":0,"parent":0,"menu_order":0,"comment_status":"closed","ping_status":"closed","template":"","meta":{"_exactmetrics_skip_tracking":false,"_exactmetrics_sitenote_active":false,"_exactmetrics_sitenote_note":"","_exactmetrics_sitenote_category":0,"footnotes":""},"class_list":["post-12755","page","type-page","status-publish","hentry"],"_links":{"self":[{"href":"https:\/\/excellent-solingen.de\/es\/wp-json\/wp\/v2\/pages\/12755","targetHints":{"allow":["GET"]}}],"collection":[{"href":"https:\/\/excellent-solingen.de\/es\/wp-json\/wp\/v2\/pages"}],"about":[{"href":"https:\/\/excellent-solingen.de\/es\/wp-json\/wp\/v2\/types\/page"}],"author":[{"embeddable":true,"href":"https:\/\/excellent-solingen.de\/es\/wp-json\/wp\/v2\/users\/1"}],"replies":[{"embeddable":true,"href":"https:\/\/excellent-solingen.de\/es\/wp-json\/wp\/v2\/comments?post=12755"}],"version-history":[{"count":0,"href":"https:\/\/excellent-solingen.de\/es\/wp-json\/wp\/v2\/pages\/12755\/revisions"}],"wp:attachment":[{"href":"https:\/\/excellent-solingen.de\/es\/wp-json\/wp\/v2\/media?parent=12755"}],"curies":[{"name":"wp","href":"https:\/\/api.w.org\/{rel}","templated":true}]}}