{"id":18353,"date":"2017-12-30T00:26:32","date_gmt":"2017-12-29T23:26:32","guid":{"rendered":"https:\/\/excellent-solingen.de\/imprintname\/"},"modified":"2023-10-23T20:39:23","modified_gmt":"2023-10-23T18:39:23","slug":"imprintname","status":"publish","type":"page","link":"https:\/\/excellent-solingen.de\/es\/imprintname\/","title":{"rendered":"IMPRINTName"},"content":{"rendered":"<div data-elementor-type=\"wp-page\" data-elementor-id=\"18353\" class=\"elementor elementor-18353\" data-elementor-post-type=\"page\">\n\t\t\t\t\t\t<section class=\"elementor-section elementor-top-section elementor-element elementor-element-111a7fa7 elementor-section-boxed elementor-section-height-default elementor-section-height-default\" data-id=\"111a7fa7\" data-element_type=\"section\">\n\t\t\t\t\t\t<div class=\"elementor-container elementor-column-gap-default\">\n\t\t\t\t\t<div class=\"elementor-column elementor-col-100 elementor-top-column elementor-element elementor-element-76175898\" data-id=\"76175898\" data-element_type=\"column\">\n\t\t\t<div class=\"elementor-widget-wrap elementor-element-populated\">\n\t\t\t\t\t\t<div class=\"elementor-element elementor-element-2087ba67 elementor-widget elementor-widget-text-editor\" data-id=\"2087ba67\" data-element_type=\"widget\" data-widget_type=\"text-editor.default\">\n\t\t\t\t<div class=\"elementor-widget-container\">\n\t\t\t\t\t\t\t\t\t<h3><strong>Pie de imprenta<\/strong><\/h3>\n<p><strong>GmbH el pa\u00f1o <\/strong>(dliteanas teoranta)<\/p>\n<\/p>\n<p>Bainisteoir:<\/p>\n<p><strong>Ashiq Muhammad<\/strong><\/p>\n<p><strong>Hildener Str. 27<\/strong><\/p>\n<p><strong>42697 Solingen<\/strong><\/p>\n<p><strong>A Ghearm\u00e1in<\/strong><\/p>\n<\/p>\n<p>F\u00f3n:<strong> +49 (0)212 \/ 2682259<\/strong><\/p>\n<p>F\u00f3n P\u00f3ca:<strong> +49 (0)178 \/ 9772668<\/strong><\/p>\n<p>Faics:<strong> +49 (0)212 \/ 2682261<\/strong><\/p>\n<p>R-phost:<strong> <a href=\"applewebdata:\/\/FB6CC145-02D6-4868-8FD3-4AE075EE7828\/info@excellent-solingen.de\">info@excellent-solingen.de<\/a><\/strong><\/p>\n<\/p>\n<p>C\u00fairt chl\u00e1rlainne:<strong> C\u00fairt D\u00faiche Wuppertal<\/strong><\/p>\n<p>Uimhir chl\u00e1r\u00fach\u00e1in:<strong> HRB 21815<\/strong><\/p>\n<p>Uimhir aitheantais CBL:<strong> ES 264003254<\/strong><\/p>\n<p>Uimhir Aitheantais Gn\u00f3:<strong> ES 264003254<\/strong><\/p>\n<p>Daoine freagracha de r\u00e9ir bhr\u00ed \u00a7 55 para. 2 RStV:<\/p>\n<p><strong>Ashiq Muhammad<\/strong><\/p>\n<p><strong>Hildener Str.27<\/strong><\/p>\n<p><strong>42697 Solingen<\/strong><\/p>\n<p><strong>A Ghearm\u00e1in<\/strong><\/p>\n\t\t\t\t\t\t\t\t<\/div>\n\t\t\t\t<\/div>\n\t\t\t\t\t<\/div>\n\t\t<\/div>\n\t\t\t\t\t<\/div>\n\t\t<\/section>\n\t\t\t\t<\/div>","protected":false},"excerpt":{"rendered":"<p>Imprint GmbH den scoth (dliteanas teoranta) Bainisteoir: Ashiq Muhammad Hildener Str. 27 42697 Solingen An Ghearm\u00e1in F\u00f3n: +49 (0)212 \/ 2682259 F\u00f3n P\u00f3ca: +49 (0)178 \/ 9772668 Faics: +49 (0)212 \/ 2682261 R-phost: info@excellent-solingen.de C\u00fairt chl\u00e1rlainne: C\u00fairt D\u00faiche Wuppertal Uimhir chl\u00e1r\u00fach\u00e1in: HRB 21815 Uimhir aitheantais CBL: DE 264003254 Uimhir Aitheantais Gn\u00f3: DE 264003254 Daoine freagracha [&hellip;]<\/p>","protected":false},"author":1,"featured_media":0,"parent":0,"menu_order":0,"comment_status":"closed","ping_status":"closed","template":"","meta":{"_exactmetrics_skip_tracking":false,"_exactmetrics_sitenote_active":false,"_exactmetrics_sitenote_note":"","_exactmetrics_sitenote_category":0,"footnotes":""},"class_list":["post-18353","page","type-page","status-publish","hentry"],"_links":{"self":[{"href":"https:\/\/excellent-solingen.de\/es\/wp-json\/wp\/v2\/pages\/18353","targetHints":{"allow":["GET"]}}],"collection":[{"href":"https:\/\/excellent-solingen.de\/es\/wp-json\/wp\/v2\/pages"}],"about":[{"href":"https:\/\/excellent-solingen.de\/es\/wp-json\/wp\/v2\/types\/page"}],"author":[{"embeddable":true,"href":"https:\/\/excellent-solingen.de\/es\/wp-json\/wp\/v2\/users\/1"}],"replies":[{"embeddable":true,"href":"https:\/\/excellent-solingen.de\/es\/wp-json\/wp\/v2\/comments?post=18353"}],"version-history":[{"count":0,"href":"https:\/\/excellent-solingen.de\/es\/wp-json\/wp\/v2\/pages\/18353\/revisions"}],"wp:attachment":[{"href":"https:\/\/excellent-solingen.de\/es\/wp-json\/wp\/v2\/media?parent=18353"}],"curies":[{"name":"wp","href":"https:\/\/api.w.org\/{rel}","templated":true}]}}