{"id":7402,"date":"2017-12-30T00:26:32","date_gmt":"2017-12-29T23:26:32","guid":{"rendered":"https:\/\/excellent-solingen.de\/impressum\/"},"modified":"2024-05-26T00:00:30","modified_gmt":"2024-05-25T22:00:30","slug":"impressum","status":"publish","type":"page","link":"https:\/\/excellent-solingen.de\/es\/impressum\/","title":{"rendered":"Aviso legal"},"content":{"rendered":"<div data-elementor-type=\"wp-page\" data-elementor-id=\"7402\" class=\"elementor elementor-7402\" data-elementor-post-type=\"page\">\n\t\t\t\t\t\t<section class=\"elementor-section elementor-top-section elementor-element elementor-element-111a7fa7 elementor-section-boxed elementor-section-height-default elementor-section-height-default\" data-id=\"111a7fa7\" data-element_type=\"section\">\n\t\t\t\t\t\t<div class=\"elementor-container elementor-column-gap-default\">\n\t\t\t\t\t<div class=\"elementor-column elementor-col-100 elementor-top-column elementor-element elementor-element-76175898\" data-id=\"76175898\" data-element_type=\"column\">\n\t\t\t<div class=\"elementor-widget-wrap elementor-element-populated\">\n\t\t\t\t\t\t<div class=\"elementor-element elementor-element-2087ba67 elementor-widget elementor-widget-text-editor\" data-id=\"2087ba67\" data-element_type=\"widget\" data-widget_type=\"text-editor.default\">\n\t\t\t\t<div class=\"elementor-widget-container\">\n\t\t\t\t\t\t\t\t\t<h3><strong>DIVULGACI\u00d3N LEGAL<\/strong><\/h3>\n<p><strong>Excelente GmbH <\/strong>(responsabilidad limitada)<\/p>\n<\/p>\n<p>Consejero Delegado:<\/p>\n<p><strong>Ashiq Muhammad<\/strong><\/p>\n<p><strong>Hildener Stra\u00dfe 27<\/strong><\/p>\n<p><strong>42697 Solingen<\/strong><\/p>\n<p><strong>Alemania<\/strong><\/p>\n<\/p>\n<p>Tel\u00e9fono: <strong>+49 (0)212 \/ 2682259<\/strong><\/p>\n<p>M\u00f3vil: <strong>+49 (0)178 \/ 9772668<\/strong><\/p>\n<p>Fax: <strong>+49 (0)212 \/ 2682261<\/strong><\/p>\n<p>Correo electr\u00f3nico: <strong><a href=\"applewebdata:\/\/FB6CC145-02D6-4868-8FD3-4AE075EE7828\/info@excellent-solingen.de\">info@excellent-solingen.de<\/a><\/strong><\/p>\n<\/p>\n<p>Tribunal de registro: <strong>tribunal de distrito de Wuppertal<\/strong><\/p>\n<p>N\u00famero de registro: <strong>HRB 21815<\/strong><\/p>\n<p>N\u00famero de identificaci\u00f3n fiscal: <strong>ES 264003254<\/strong> (CIF)<\/p>\n<p>N\u00famero de identificaci\u00f3n econ\u00f3mica: <strong>ES 264003254<\/strong> (CIF)<\/p>\n<p>Responsable seg\u00fan \u00a7 55 apartado 2 RStV:<\/p>\n<p><strong>Ashiq Muhammad<\/strong><\/p>\n<p><strong>Hildener Stra\u00dfe 27<\/strong><\/p>\n<p><strong>42697 Solingen<\/strong><\/p>\n<p><strong>Alemania<\/strong><\/p>\n\t\t\t\t\t\t\t\t<\/div>\n\t\t\t\t<\/div>\n\t\t\t\t\t<\/div>\n\t\t<\/div>\n\t\t\t\t\t<\/div>\n\t\t<\/section>\n\t\t\t\t<\/div>","protected":false},"excerpt":{"rendered":"<p>LEGAL DISCLOSURE Excellent GmbH (haftungsbeschr\u00e4nkt) Chief Executive Officer: Ashiq Muhammad Hildener Strasse 27 42697 Solingen Germany Telephone: +49 (0)212 \/ 2682259 Mobile: +49 (0)178 \/ 9772668 Fax: +49 (0)212 \/ 2682261 Email: info@excellent-solingen.de Registration court: district court of Wuppertal Registration number: HRB 21815 Sales tax identification number: DE 264003254 (VAT ID) Economic identification number: DE [&hellip;]<\/p>","protected":false},"author":1,"featured_media":0,"parent":0,"menu_order":0,"comment_status":"closed","ping_status":"closed","template":"","meta":{"_exactmetrics_skip_tracking":false,"_exactmetrics_sitenote_active":false,"_exactmetrics_sitenote_note":"","_exactmetrics_sitenote_category":0,"footnotes":""},"class_list":["post-7402","page","type-page","status-publish","hentry"],"_links":{"self":[{"href":"https:\/\/excellent-solingen.de\/es\/wp-json\/wp\/v2\/pages\/7402","targetHints":{"allow":["GET"]}}],"collection":[{"href":"https:\/\/excellent-solingen.de\/es\/wp-json\/wp\/v2\/pages"}],"about":[{"href":"https:\/\/excellent-solingen.de\/es\/wp-json\/wp\/v2\/types\/page"}],"author":[{"embeddable":true,"href":"https:\/\/excellent-solingen.de\/es\/wp-json\/wp\/v2\/users\/1"}],"replies":[{"embeddable":true,"href":"https:\/\/excellent-solingen.de\/es\/wp-json\/wp\/v2\/comments?post=7402"}],"version-history":[{"count":0,"href":"https:\/\/excellent-solingen.de\/es\/wp-json\/wp\/v2\/pages\/7402\/revisions"}],"wp:attachment":[{"href":"https:\/\/excellent-solingen.de\/es\/wp-json\/wp\/v2\/media?parent=7402"}],"curies":[{"name":"wp","href":"https:\/\/api.w.org\/{rel}","templated":true}]}}