{"id":8681,"date":"2020-05-24T13:03:55","date_gmt":"2020-05-24T11:03:55","guid":{"rendered":"https:\/\/excellent-solingen.de\/quem-somos\/"},"modified":"2023-01-24T14:40:13","modified_gmt":"2023-01-24T13:40:13","slug":"quem-somos","status":"publish","type":"page","link":"https:\/\/excellent-solingen.de\/es\/quem-somos\/","title":{"rendered":"QUEM SOMOS"},"content":{"rendered":"<p>[vc_row][vc_column][vc_column_text]<\/p>\n<h3><strong>Qui\u00e9nes somos<\/strong><\/h3>\n<p>[\/vc_column_text][vc_column_text]<\/p>\n<h2 style=\"text-align: center;\"><strong>Bem-vindo a Solingen na Excellent GmbH<\/strong><\/h2>\n<h2 style=\"text-align: center;\"><strong>Es especialista en la producci\u00f3n y distribuci\u00f3n de instrumentos para el cuidado corporal en el campo de la manicura y la pedicura. <\/strong><strong>manicura y pedicura<\/strong><\/h2>\n<p>[\/vc_column_text][vc_column_text]A empresa Excellent GmbH, sediada em Solingen, \u00e9 especialista na produ\u00e7\u00e3o de alicates de manicure e pedicure de alta qualidade, alicates de orthonyxia, tesouras, pin\u00e7as, facas e instrumentos feitos de a\u00e7o inoxid\u00e1vel.<\/p>\n<p>Con los art\u00edculos recientemente desarrollados, puede transformar los cuidados de su cuerpo en un programa de bienestar individual. Una amplia gama de manicura \/ pedicura inoxid\u00e1vel contiene todos los instrumentos que desea para su cuidado corporal diario.<\/p>\n<p>Tambi\u00e9n puede descargar toda nuestra gama de productos como un cat\u00e1logo en el men\u00fa Productos, o utilizar nuestro formulario de contacto para pedidos espec\u00edficos. Los colaboradores de nuestro equipo se pondr\u00e1n en contacto con usted inmediatamente. Para recibir una lista de precios de nuestros productos, utilice nuestro formulario de contacto o env\u00edenos un correo electr\u00f3nico a <a href=\"mailto:info@excellent-solingen.de\">info@excellent-solingen.de<\/a>. Como grossista, ofrecemos a nuestros clientes un servicio OEM. Bajo pedido, nuestros clientes pueden tener su propio logotipo grabado en sus instrumentos por nosotros. Nuestra base de clientes incluye revendedores, farmacias, escuelas de pedicura, as\u00ed como escuelas de cosm\u00e9tica o escuelas t\u00e9cnicas de podolog\u00eda.<\/p>\n<div>\n<h3><a id=\"Produkte\"><\/a><\/h3>\n<\/div>\n<p>[\/vc_column_text][vc_btn title=&#8220;D\u00ea uma olhada no nosso cat\u00e1logo de produtos&#8220; color=&#8220;black&#8220; size=&#8220;lg&#8220; align=&#8220;center&#8220; link=&#8220;url:https%3A%2F%2Fexcellent-solingen.de%2Fwp-content%2Fuploads%2F2022%2F05%2FProduktkatalog-Excellent-2020-Englisch.pdf|&#8220;][\/vc_column][\/vc_row][vc_row][vc_column][vc_separator][\/vc_column][\/vc_row][vc_row][vc_column][vc_column_text]Por favor, note que concedemos uma <strong>garant\u00eda de 1 a\u00f1o para el fabricante en todos los productos + 1 servicio de devoluci\u00f3n gratuito<\/strong> dentro do per\u00edodo de garantia. Todos os artigos s\u00e3o feitos de a\u00e7o inoxid\u00e1vel, 100% esterilizado e anti-al\u00e9rgico. No nosso sortido transportamos todos os alicates de Excelente GmbH da Solingen e assim podemos assegurar-lhe uma qualidade de marca muito boa, esta j\u00e1 \u00e9 caracterizada pelos materiais de alta qualidade e termina com um controlo profissional de cada alicate individual.[\/vc_column_text][vc_single_image image=&#8220;12663&#8243; img_size=&#8220;full&#8220; alignment=&#8220;center&#8220;][\/vc_column][\/vc_row][vc_row][vc_column][vc_column_text]<\/p>\n<h3><strong>Productos<\/strong><\/h3>\n<p>[\/vc_column_text][\/vc_column][\/vc_row][vc_row][vc_column width=&#8220;1\/2&#8243;][counter number=&#8220;500&#8243; title=&#8220;Produtos&#8220; prefix=&#8220;&gt;&#8220; icon=&#8220;icon-buffer&#8220; color=&#8220;#009245&#8243;][\/vc_column][vc_column width=&#8220;1\/2&#8243;][counter title=&#8220;Pre\u00e7os grossistas&#8220; icon=&#8220;icon-basket&#8220; color=&#8220;#009245&#8243;][\/vc_column][\/vc_row][vc_row][vc_column][vc_column_text]Se estiver interessado num dos nossos produtos ou quiser saber mais, preencha o formul\u00e1rio de contacto e entraremos em contacto consigo o mais rapidamente poss\u00edvel para processar o seu pedido.[\/vc_column_text][\/vc_column][\/vc_row][vc_row][vc_column width=&#8220;1\/2&#8243;][vc_single_image image=&#8220;6759&#8243; img_size=&#8220;full&#8220;][\/vc_column][vc_column width=&#8220;1\/2&#8243;][vc_column_text]<\/p>\n<h3><strong>Manicura<\/strong><\/h3>\n<p>[\/vc_column_text][vc_column_text]Manicure \u00e9 o cuidado e o tratamento das m\u00e3os. Para o cuidado das m\u00e3os, n\u00f3s na von der Excellent GmbH oferecemos-lhe uma vasta gama de instrumentos. Entre outras coisas, isto inclui limas de unhas para arquivar as unhas, bem como cortadores de unhas para cortar as unhas. Al\u00e9m disso, temos uma grande sele\u00e7\u00e3o de alicates (alicate de unhas, alicates de canto, alicates de pele) com diferentes tamanhos e formas de corte. Os nossos produtos s\u00e3o provavelmente adequados para uso profissional para est\u00fadios e.B cosm\u00e9ticos, bem como para utilizadores privados em casa.[\/vc_column_text][\/vc_column][\/vc_row][vc_row][vc_column][vc_separator][\/vc_column][\/vc_row][vc_row][vc_column width=&#8220;1\/2&#8243;][vc_column_text]<\/p>\n<h3><strong>Pedicura<\/strong><\/h3>\n<p>[\/vc_column_text][vc_column_text]A contrapartida para a manicure \u00e9 o cuidado com os p\u00e9s, que se preocupa principalmente em encurtar as unhas dos p\u00e9s e remover a c\u00f3rnea nos p\u00e9s. Para o cuidado profissional dos p\u00e9s, n\u00f3s na Excellent GmbH oferecemos-lhe n\u00e3o s\u00f3 alicates de unhas de alta qualidade e cortador de unhas, mas tamb\u00e9m uma grande sele\u00e7\u00e3o de rasps e tesouras especialmente para os p\u00e9s.[\/vc_column_text][\/vc_column][vc_column width=&#8220;1\/2&#8243;][vc_single_image image=&#8220;4909&#8243; img_size=&#8220;full&#8220;][\/vc_column][\/vc_row][vc_row][vc_column][vc_separator][\/vc_column][\/vc_row][vc_row][vc_column width=&#8220;1\/2&#8243;][vc_column_text]<\/p>\n<h3><strong>Alicates<\/strong><\/h3>\n<p>[\/vc_column_text][vc_column_text]Para manicures e pedicures, oferecemos alicates de unhas, alicates de canto, alicates de pele e cortador de unhas no nosso sortido. Diferentes tamanhos e formas de corte da cabe\u00e7a do alicate indicam as diferentes aplica\u00e7\u00f5es na manicure ou pedicure.[\/vc_column_text][vc_single_image image=&#8220;7025&#8243; img_size=&#8220;full&#8220;][vc_column_text]<\/p>\n<h4 style=\"text-align: center;\"><strong>Pin\u00e7as de pele Excelentes<\/strong><\/h4>\n<p>[\/vc_column_text][vc_column_text]Os alicates da pele s\u00e3o usados para remover res\u00edduos de pele nas unhas. Os alicates de pele s\u00e3o alicates especiais e s\u00e3o particularmente adequados para uso profissional no setor dos cuidados com os p\u00e9s. Alicates de unhas, alicates de canto e alicates de pele est\u00e3o dispon\u00edveis em diferentes vers\u00f5es, cada uma com diferentes comprimentos e bordas de corte, entre outras coisas voc\u00ea encontrar\u00e1 alicates de unhas com diferentes molas como.B. a mola tamp\u00e3o, mola dupla ou a mola dobr\u00e1vel.[\/vc_column_text][vc_single_image image=&#8220;7027&#8243; img_size=&#8220;full&#8220;][vc_column_text]<\/p>\n<h4 style=\"text-align: center;\"><strong>Alicates de canto Excelente<\/strong><\/h4>\n<p>[\/vc_column_text][vc_column_text]Os alicates de canto s\u00e3o particularmente adequados para tratar as unhas dos cantos. Os alicates de canto s\u00e3o alicates especiais e s\u00e3o particularmente adequados para uso profissional no campo de cuidados com os p\u00e9s. Al\u00e9m de alicates para manicures e pedicures, tamb\u00e9m oferecemos alicates orthonyxie, tais como.B alicates de tweed ou cortadores laterais. Estes alicates t\u00eam arestas de corte especialmente moldadas, que s\u00e3o projetadas para uma utiliza\u00e7\u00e3o especial.[\/vc_column_text][\/vc_column][vc_column width=&#8220;1\/2&#8243;][vc_single_image image=&#8220;7028&#8243; img_size=&#8220;full&#8220;][vc_column_text]<\/p>\n<h4 style=\"text-align: center;\"><strong>Alicates de unhas Excelente<\/strong><\/h4>\n<p>[\/vc_column_text][vc_column_text]Alicates de unhas e cortadores de unhas s\u00e3o particularmente adequados para encurtar as unhas e mold\u00e1-las, \u00e9 aconselh\u00e1vel cortar as unhas ap\u00f3s o banho ou banho, uma vez que as unhas s\u00e3o ent\u00e3o encharcadas e s\u00e3o particularmente f\u00e1ceis de cortar. Os alicates de unhas s\u00e3o frequentemente referidos como alicates de unhas dos p\u00e9s ou aparadores de cabe\u00e7a e s\u00e3o frequentemente usados por utilizadores profissionais no campo dos cuidados com os p\u00e9s (podologia). Excelente especializa\u00e7\u00e3o em alicates de unhas em v\u00e1rios desenhos (pontiagudos, torre, curvas, etc.) e tipos de aplica\u00e7\u00e3o (alicate diab\u00e9tico). O alicate das unhas \u00e9 essencial no tratamento preventivo, terap\u00eautico e reabilitativo do p\u00e9.[\/vc_column_text][vc_single_image image=&#8220;7030&#8243; img_size=&#8220;full&#8220;][vc_column_text]As m\u00e1quinas de cortar unhas s\u00e3o usadas para cortar unhas e unhas de dedos teimosas e grossas. Excelente oferece cortador de unhas com borda de corte reta e curva. Uma borda de corte reta permite um corte limpo, enquanto uma borda de corte curva \u00e9 melhor para formas de corte. Devido ao efeito de alavancagem, pregos ainda mais grossos podem ser cortados sem qualquer problema. A m\u00e3o-de-obra robusta permite uma ader\u00eancia segura e minimiza o risco de ferimentos.[\/vc_column_text][\/vc_column][\/vc_row][vc_row][vc_column][vc_separator][\/vc_column][vc_column][vc_tta_accordion][vc_tta_section title=&#8220;Corta-unhas&#8220; tab_id=&#8220;1659117216722-3d3f3bc7-58f8&#8243;][vc_images_carousel images=&#8220;11982,11968,11954,11940,11926,12477,12491,12505,12519&#8243; img_size=&#8220;full&#8220; onclick=&#8220;custom_link&#8220; custom_links_target=&#8220;_blank&#8220; slides_per_view=&#8220;5&#8243; custom_links=&#8220;#E-8_aHR0cHMlM0ElMkYlMkZ3d3cuZXhjZWxsZW50LWluc3RydW1lbnRlLmRlJTJGemFuZ2VuJTJG&#8220;][\/vc_tta_section][\/vc_tta_accordion][\/vc_column][\/vc_row][vc_row][vc_column][vc_separator][\/vc_column][\/vc_row][vc_row][vc_column width=&#8220;1\/2&#8243;][vc_column_text]<\/p>\n<h3><strong>Tesoura de pele<\/strong><\/h3>\n<p>[\/vc_column_text][vc_column_text]As tesouras de pele s\u00e3o pequenas tesouras finas com borda curva, fina ou muito pontiaguda. A sua tarefa \u00e9 remover as cut\u00edculas soltas e os restos de pele salientes na cama das unhas. Excelente oferece uma ampla gama de tesouras de pele com v\u00e1rias dicas e formas.[\/vc_column_text][vc_single_image image=&#8220;7047&#8243; img_size=&#8220;full&#8220;][vc_column_text]<\/p>\n<h4 style=\"text-align: center;\"><strong>Tesoura de pele Excelente<\/strong><\/h4>\n<p>[\/vc_column_text][\/vc_column][vc_column width=&#8220;1\/2&#8243;][vc_single_image image=&#8220;7045&#8243; img_size=&#8220;full&#8220;][vc_column_text]<\/p>\n<h4 style=\"text-align: center;\"><strong>Tesoura de um Excelente<\/strong><\/h4>\n<p>[\/vc_column_text][vc_column_text]<\/p>\n<h3><strong>Tesoura de unhas<\/strong><\/h3>\n<p>[\/vc_column_text][vc_column_text]As tesouras das unhas s\u00e3o pequenas, tesouras est\u00e1veis com uma borda de corte curta, geralmente curvada. S\u00e3o utilizados para encurtar e moldar unhas e unhas dos dedos dos p\u00e9.[\/vc_column_text][\/vc_column][\/vc_row][vc_row][vc_column][vc_tta_accordion][vc_tta_section title=&#8220;Tesoura de unhas e tesoura de cut\u00edcula&#8220; tab_id=&#8220;1661717891259-3cfdcf5f-30eb&#8220;][vc_images_carousel images=&#8220;12285,12327,12341,12374,12389,12534,12313,12548,12562&#8243; img_size=&#8220;full&#8220; onclick=&#8220;custom_link&#8220; slides_per_view=&#8220;5&#8243; custom_links=&#8220;#E-8_aHR0cHMlM0ElMkYlMkZ3d3cuZXhjZWxsZW50LWluc3RydW1lbnRlLmRlJTJGaGF1dC1uYWdlbHNjaGVyZW4lMkY=&#8220;][\/vc_tta_section][\/vc_tta_accordion][vc_separator][\/vc_column][\/vc_row][vc_row][vc_column width=&#8220;1\/2&#8243;][vc_column_text]<\/p>\n<h3><strong>Pin\u00e7as<\/strong><\/h3>\n<p>[\/vc_column_text][vc_column_text]Excelente oferece uma ampla gama de pin\u00e7as diferentes para v\u00e1rias aplica\u00e7\u00f5es, incluindo pin\u00e7as de lasca, pin\u00e7as de precis\u00e3o, pin\u00e7as de laborat\u00f3rio, pin\u00e7as de carrapato, pin\u00e7as pontiagudas, pin\u00e7as de manicure e pin\u00e7as de pedicure. Tamb\u00e9m uma sele\u00e7\u00e3o de pin\u00e7as com forma reta\/curva\/pontiaguda, bem como pin\u00e7as de lupa especiais, pin\u00e7as claras est\u00e3o dispon\u00edveis. Todas as nossas pin\u00e7as s\u00e3o feitas de a\u00e7o endurecido inoxid\u00e1vel e esterilizado.[\/vc_column_text][vc_single_image image=&#8220;6982&#8243; img_size=&#8220;full&#8220;][\/vc_column][vc_column width=&#8220;1\/2&#8243;][vc_single_image image=&#8220;7006&#8243; img_size=&#8220;full&#8220;][vc_column_text]<\/p>\n<h4 style=\"text-align: center;\"><strong>Pin\u00e7as depenadas de cabelo excelentes<\/strong><\/h4>\n<p>[\/vc_column_text][vc_column_text]Excelentes pin\u00e7as est\u00e3o dispon\u00edveis em v\u00e1rias vers\u00f5es. Para o uso de diferentes formas de m\u00e3o, voc\u00ea tamb\u00e9m pode encontrar pin\u00e7as em forma estreita e ampla conosco. Tamb\u00e9m \u00e9 poss\u00edvel fazer pin\u00e7as para os seus clientes como um presente promocional especial com o seu logotipo.[\/vc_column_text][vc_single_image image=&#8220;7008&#8243; img_size=&#8220;full&#8220;][vc_column_text]<\/p>\n<h4 style=\"text-align: center;\"><strong>Pin\u00e7as Splitter Excelente<\/strong><\/h4>\n<p>[\/vc_column_text][\/vc_column][\/vc_row][vc_row][vc_column][vc_tta_accordion][vc_tta_section title=&#8220;Pin\u00e7as&#8220; tab_id=&#8220;1661720043406-965dc5aa-9bfb&#8220;][vc_images_carousel images=&#8220;12404,12418,12432,12446,12576&#8243; img_size=&#8220;full&#8220; onclick=&#8220;custom_link&#8220; slides_per_view=&#8220;5&#8243; custom_links=&#8220;#E-8_aHR0cHMlM0ElMkYlMkZ3d3cuZXhjZWxsZW50LWluc3RydW1lbnRlLmRlJTJGaGF1dC1uYWdlbHNjaGVyZW4lMkY=&#8220;][\/vc_tta_section][\/vc_tta_accordion][vc_separator][\/vc_column][\/vc_row][vc_row][vc_column width=&#8220;1\/2&#8243;][vc_single_image image=&#8220;6651&#8243; img_size=&#8220;full&#8220;][vc_column_text]<\/p>\n<h4 style=\"text-align: center;\"><strong>Caso Manicura y Pedicura Excelente<\/strong><\/h4>\n<p>[\/vc_column_text][\/vc_column][vc_column width=&#8220;1\/2&#8243;][vc_column_text]<\/p>\n<h3><b>Casos de manicura y pedicura<\/b><\/h3>\n<p>[\/vc_column_text][vc_column_text]Manicure &amp; Pedicure Cases s\u00e3o particularmente adequados para viajar ou dar. Devido ao grande sortido, entre estojos de couro e caixas de a\u00e7o inoxid\u00e1vel, podem ser oferecidos diferentes tamanhos para diferentes equipamentos. Devido ao equipamento individual, o cliente pode determinar por si mesmo quais os instrumentos que s\u00e3o importantes para o seu cuidado di\u00e1rio com o p\u00e9 e para a pele e este \u00e9 um caso nobre e chique que quer sempre levar consigo.<\/p>\n<p><a id=\"Kontakt\"><\/a>[\/vc_column_text][\/vc_column][\/vc_row][vc_row][vc_column width=&#8220;1\/2&#8243;][vc_single_image image=&#8220;5137&#8243; img_size=&#8220;full&#8220;][\/vc_column][vc_column width=&#8220;1\/2&#8243;][vc_column_text]<\/p>\n<h3><strong>Servicio OEM<\/strong><\/h3>\n<p>[\/vc_column_text][vc_column_text]Como fabricante, gostamos de responder aos desejos individuais dos nossos clientes. Os nossos clientes podem ter o seu pr\u00f3prio log\u00f3tipo gravado nos seus instrumentos, se assim o desejarem.[\/vc_column_text][\/vc_column][\/vc_row][vc_row][vc_column width=&#8220;2\/5&#8243;][vc_column_text]<strong>Excelente Ltd. <\/strong><\/p>\n<p><strong style=\"font-style: inherit;\">Hildener Str. 27<\/strong><\/p>\n<p><strong style=\"font-style: inherit;\">D-42697 Solingen<\/strong><\/p>\n<p><strong style=\"font-style: inherit;\">Alemanha<\/strong><\/p>\n<p>&nbsp;<\/p>\n<p>Tel\u00e9fonos:<strong style=\"font-style: inherit;\"> +49 (0)212 \/ 2682259<\/strong><\/p>\n<p>Telem\u00f3vel:<strong style=\"font-style: inherit;\"> +49 (0)178 \/ 9772668<\/strong><\/p>\n<p>Fax:<strong style=\"font-style: inherit;\"> +49 (0)212 \/ 2682261<\/strong><\/p>\n<p>Correo electr\u00f3nico:<strong style=\"font-style: inherit;\"><a href=\"applewebdata:\/\/FB6CC145-02D6-4868-8FD3-4AE075EE7828\/info@excellent-solingen.de\">info@excellent-solingen.de<\/a><\/strong>[\/vc_column_text][\/vc_column][vc_column width=&#8220;3\/5&#8243;][vc_gmaps link=&#8220;#E-8_JTNDaWZyYW1lJTIwc3JjJTNEJTIyaHR0cHMlM0ElMkYlMkZ3d3cuZ29vZ2xlLmNvbSUyRm1hcHMlMkZlbWJlZCUzRnBiJTNEJTIxMW0xOCUyMTFtMTIlMjExbTMlMjExZDExMjMuNDU5MDA5NTMwMjA5JTIxMmQ2Ljk5MTc2NDc3MzQ2MDI5NCUyMTNkNTEuMTY4MDgzMDE3NDE2NDE0JTIxMm0zJTIxMWYwJTIxMmYwJTIxM2YwJTIxM20yJTIxMWkxMDI0JTIxMmk3NjglMjE0ZjEzLjElMjEzbTMlMjExbTIlMjExczB4NDdiOGQyZTRlNGQ3NjU0MSUyNTNBMHgzMmU4OGRlMjdmZWRkZGEwJTIxMnNIaWxkZW5lciUyQlN0ci4lMkIyNyUyNTJDJTJCNDI2OTclMkJTb2xpbmdlbiUyMTVlMCUyMTNtMiUyMTFzZW4lMjEyc2RlJTIxNHYxNTQ0MjI1OTA4Mjg5JTIyJTIwd2lkdGglM0QlMjI2MDAlMjIlMjBoZWlnaHQlM0QlMjI0NTAlMjIlMjBmcmFtZWJvcmRlciUzRCUyMjAlMjIlMjBzdHlsZSUzRCUyMmJvcmRlciUzQTAlMjIlMjBhbGxvd2Z1bGxzY3JlZW4lM0QlMjIlMjIlM0UlM0MlMkZpZnJhbWUlM0U=&#8220; size=&#8220;350&#8243;][vc_column_text]\n<div class=\"wpcf7 no-js\" id=\"wpcf7-f6668-o1\" lang=\"de-DE\" dir=\"ltr\" data-wpcf7-id=\"6668\">\n<div class=\"screen-reader-response\"><p role=\"status\" aria-live=\"polite\" aria-atomic=\"true\"><\/p> <ul><\/ul><\/div>\n<form action=\"\/es\/wp-json\/wp\/v2\/pages\/8681#wpcf7-f6668-o1\" method=\"post\" class=\"wpcf7-form init\" aria-label=\"Kontaktformular\" novalidate=\"novalidate\" data-status=\"init\" data-trp-original-action=\"\/es\/wp-json\/wp\/v2\/pages\/8681#wpcf7-f6668-o1\">\n<fieldset class=\"hidden-fields-container\"><input type=\"hidden\" name=\"_wpcf7\" value=\"6668\" \/><input type=\"hidden\" name=\"_wpcf7_version\" value=\"6.1.5\" \/><input type=\"hidden\" name=\"_wpcf7_locale\" value=\"de_DE\" \/><input type=\"hidden\" name=\"_wpcf7_unit_tag\" value=\"wpcf7-f6668-o1\" \/><input type=\"hidden\" name=\"_wpcf7_container_post\" value=\"0\" \/><input type=\"hidden\" name=\"_wpcf7_posted_data_hash\" value=\"\" \/>\n<\/fieldset>\n<p><label> Su nombre (campo obligatorio)<br \/>\n<span class=\"wpcf7-form-control-wrap\" data-name=\"your-name\"><input size=\"40\" maxlength=\"400\" class=\"wpcf7-form-control wpcf7-text wpcf7-validates-as-required\" aria-required=\"true\" aria-invalid=\"false\" value=\"\" type=\"text\" name=\"your-name\" \/><\/span> <\/label><br \/>\n<label> Su direcci\u00f3n de correo electr\u00f3nico (campo obligatorio)<br \/>\n<span class=\"wpcf7-form-control-wrap\" data-name=\"your-email\"><input size=\"40\" maxlength=\"400\" class=\"wpcf7-form-control wpcf7-email wpcf7-validates-as-required wpcf7-text wpcf7-validates-as-email\" aria-required=\"true\" aria-invalid=\"false\" value=\"\" type=\"email\" name=\"your-email\" \/><\/span> <\/label><br \/>\n<label> Asunto<br \/>\n<span class=\"wpcf7-form-control-wrap\" data-name=\"your-subject\"><input size=\"40\" maxlength=\"400\" class=\"wpcf7-form-control wpcf7-text\" aria-invalid=\"false\" value=\"\" type=\"text\" name=\"your-subject\" \/><\/span> <\/label><br \/>\n<label> Su mensaje<br \/>\n<span class=\"wpcf7-form-control-wrap\" data-name=\"your-message\"><textarea cols=\"40\" rows=\"10\" maxlength=\"2000\" class=\"wpcf7-form-control wpcf7-textarea\" aria-invalid=\"false\" name=\"your-message\"><\/textarea><\/span> <\/label>\n<\/p>\n<p><input class=\"wpcf7-form-control wpcf7-submit has-spinner\" type=\"submit\" value=\"Enviar\" \/>\n<\/p><div class=\"wpcf7-response-output\" aria-hidden=\"true\"><\/div>\n<input type=\"hidden\" name=\"trp-form-language\" value=\"es\"\/><\/form>\n<\/div>\n[\/vc_column_text][\/vc_column][\/vc_row][vc_row][vc_column][\/vc_column][\/vc_row]<\/p>","protected":false},"excerpt":{"rendered":"<p>[vc_row][vc_column][vc_column_text] Quem somos [\/vc_column_text][vc_column_text] Bem-vindo a Solingen na Excellent GmbH O seu especialista na produ\u00e7\u00e3o e distribui\u00e7\u00e3o de instrumentos de cuidados corporais no campo da manicura e pedicura. manicure e pedicure [\/vc_column_text][vc_column_text]A empresa Excellent GmbH, sediada em Solingen, \u00e9 especialista na produ\u00e7\u00e3o de alicates de manicure e pedicure de alta qualidade, alicates de orthonyxia, tesouras, [&hellip;]<\/p>","protected":false},"author":1,"featured_media":0,"parent":0,"menu_order":0,"comment_status":"closed","ping_status":"closed","template":"","meta":{"_exactmetrics_skip_tracking":false,"_exactmetrics_sitenote_active":false,"_exactmetrics_sitenote_note":"","_exactmetrics_sitenote_category":0,"footnotes":""},"class_list":["post-8681","page","type-page","status-publish","hentry"],"_links":{"self":[{"href":"https:\/\/excellent-solingen.de\/es\/wp-json\/wp\/v2\/pages\/8681","targetHints":{"allow":["GET"]}}],"collection":[{"href":"https:\/\/excellent-solingen.de\/es\/wp-json\/wp\/v2\/pages"}],"about":[{"href":"https:\/\/excellent-solingen.de\/es\/wp-json\/wp\/v2\/types\/page"}],"author":[{"embeddable":true,"href":"https:\/\/excellent-solingen.de\/es\/wp-json\/wp\/v2\/users\/1"}],"replies":[{"embeddable":true,"href":"https:\/\/excellent-solingen.de\/es\/wp-json\/wp\/v2\/comments?post=8681"}],"version-history":[{"count":0,"href":"https:\/\/excellent-solingen.de\/es\/wp-json\/wp\/v2\/pages\/8681\/revisions"}],"wp:attachment":[{"href":"https:\/\/excellent-solingen.de\/es\/wp-json\/wp\/v2\/media?parent=8681"}],"curies":[{"name":"wp","href":"https:\/\/api.w.org\/{rel}","templated":true}]}}