{"id":4833,"date":"2017-12-30T00:26:32","date_gmt":"2017-12-29T23:26:32","guid":{"rendered":"http:\/\/www.excellent-b2b.de\/?page_id=4833"},"modified":"2025-11-21T12:40:43","modified_gmt":"2025-11-21T11:40:43","slug":"impressum-2","status":"publish","type":"page","link":"https:\/\/excellent-solingen.de\/fr\/impressum-2\/","title":{"rendered":"IMPRESSUM"},"content":{"rendered":"<div data-elementor-type=\"wp-page\" data-elementor-id=\"4833\" class=\"elementor elementor-4833\" data-elementor-post-type=\"page\">\n\t\t\t\t\t\t<section class=\"elementor-section elementor-top-section elementor-element elementor-element-111a7fa7 elementor-section-boxed elementor-section-height-default elementor-section-height-default\" data-id=\"111a7fa7\" data-element_type=\"section\">\n\t\t\t\t\t\t<div class=\"elementor-container elementor-column-gap-default\">\n\t\t\t\t\t<div class=\"elementor-column elementor-col-100 elementor-top-column elementor-element elementor-element-76175898\" data-id=\"76175898\" data-element_type=\"column\">\n\t\t\t<div class=\"elementor-widget-wrap elementor-element-populated\">\n\t\t\t\t\t\t<div class=\"elementor-element elementor-element-2087ba67 elementor-widget elementor-widget-text-editor\" data-id=\"2087ba67\" data-element_type=\"widget\" data-widget_type=\"text-editor.default\">\n\t\t\t\t<div class=\"elementor-widget-container\">\n\t\t\t\t\t\t\t\t\t<h3><strong>Mentions l\u00e9gales<\/strong><\/h3>\n<p><strong>Excellent GmbH <\/strong>(responsabilit\u00e9 limit\u00e9e)<\/p>\n<p>Directeur g\u00e9n\u00e9ral :<\/p>\n<p><strong>Ashiq Muhammad<\/strong><\/p>\n<p><strong>27, rue de Hilden<\/strong><\/p>\n<p><strong>42697 Solingen<\/strong><\/p>\n<p><strong>Allemagne<\/strong><\/p>\n<p>T\u00e9l\u00e9phone :<strong>&nbsp;+49 (0)212 \/ 2682259<\/strong><\/p>\n<p>Mobile :<strong>&nbsp;+49 (0)157 \/ 35472608<\/strong><\/p>\n<p>T\u00e9l\u00e9copieur :<strong> +49 (0)212 \/ 2682261<\/strong><\/p>\n<p>Courrier \u00e9lectronique :<strong>&nbsp;<a href=\"applewebdata:\/\/FB6CC145-02D6-4868-8FD3-4AE075EE7828\/info@excellent-solingen.de\">info@excellent-solingen.de<\/a><\/strong><\/p>\n<p>Tribunal d'enregistrement :<strong>&nbsp;Tribunal d'instance de Wuppertal<\/strong><\/p>\n<p>Num\u00e9ro d'enregistrement :<strong>&nbsp;HRB 21815<\/strong><\/p>\n<p>Num\u00e9ro d'identification de la taxe sur le chiffre d'affaires :<strong>&nbsp;FR 264003254<\/strong><\/p>\n<p>Num\u00e9ro d'identification \u00e9conomique :<strong>&nbsp;FR 264003254<\/strong><\/p>\n<p>Responsable au sens du \u00a7 55 al. 2 RStV :<\/p>\n<p><strong>Ashiq Muhammad<\/strong><\/p>\n<p><strong>Hildener Str.27<\/strong><\/p>\n<p><strong>42697 Solingen<\/strong><\/p>\n<p><strong>Allemagne<\/strong><\/p>\t\t\t\t\t\t\t\t<\/div>\n\t\t\t\t<\/div>\n\t\t\t\t\t<\/div>\n\t\t<\/div>\n\t\t\t\t\t<\/div>\n\t\t<\/section>\n\t\t\t\t<\/div>","protected":false},"excerpt":{"rendered":"<p>Impressum Excellent GmbH (haftungsbeschr\u00e4nkt) Gesch\u00e4ftsf\u00fchrer: Ashiq Muhammad Hildener Str. 27 42697 Solingen Deutschland Telefon:&nbsp;+49 (0)212 \/ 2682259 Mobil:&nbsp;+49 (0)157 \/ 35472608 Telefax: +49 (0)212 \/ 2682261 E-Mail:&nbsp;info@excellent-solingen.de Registergericht:&nbsp;Amtsgericht Wuppertal Registernummer:&nbsp;HRB 21815 Umsatzsteuer-Identifikationsnummer:&nbsp;DE 264003254 Wirtschaftsidentifikationsnummer:&nbsp;DE 264003254 Verantwortliche i.S.d.&nbsp;\u00a7 55 Abs. 2 RStV: Ashiq Muhammad Hildener Str.27 42697 Solingen Deutschland<\/p>","protected":false},"author":1,"featured_media":0,"parent":0,"menu_order":0,"comment_status":"closed","ping_status":"closed","template":"","meta":{"_exactmetrics_skip_tracking":false,"_exactmetrics_sitenote_active":false,"_exactmetrics_sitenote_note":"","_exactmetrics_sitenote_category":0,"footnotes":""},"class_list":["post-4833","page","type-page","status-publish","hentry"],"_links":{"self":[{"href":"https:\/\/excellent-solingen.de\/fr\/wp-json\/wp\/v2\/pages\/4833","targetHints":{"allow":["GET"]}}],"collection":[{"href":"https:\/\/excellent-solingen.de\/fr\/wp-json\/wp\/v2\/pages"}],"about":[{"href":"https:\/\/excellent-solingen.de\/fr\/wp-json\/wp\/v2\/types\/page"}],"author":[{"embeddable":true,"href":"https:\/\/excellent-solingen.de\/fr\/wp-json\/wp\/v2\/users\/1"}],"replies":[{"embeddable":true,"href":"https:\/\/excellent-solingen.de\/fr\/wp-json\/wp\/v2\/comments?post=4833"}],"version-history":[{"count":0,"href":"https:\/\/excellent-solingen.de\/fr\/wp-json\/wp\/v2\/pages\/4833\/revisions"}],"wp:attachment":[{"href":"https:\/\/excellent-solingen.de\/fr\/wp-json\/wp\/v2\/media?parent=4833"}],"curies":[{"name":"wp","href":"https:\/\/api.w.org\/{rel}","templated":true}]}}