{"id":9145,"date":"2017-12-30T00:26:32","date_gmt":"2017-12-29T23:26:32","guid":{"rendered":"https:\/\/excellent-solingen.de\/impressao\/"},"modified":"2023-10-23T20:40:10","modified_gmt":"2023-10-23T18:40:10","slug":"impressao","status":"publish","type":"page","link":"https:\/\/excellent-solingen.de\/it\/impressao\/","title":{"rendered":"IMPRESS\u00c3O"},"content":{"rendered":"<div data-elementor-type=\"wp-page\" data-elementor-id=\"9145\" class=\"elementor elementor-9145\" data-elementor-post-type=\"page\">\n\t\t\t\t\t\t<section class=\"elementor-section elementor-top-section elementor-element elementor-element-111a7fa7 elementor-section-boxed elementor-section-height-default elementor-section-height-default\" data-id=\"111a7fa7\" data-element_type=\"section\">\n\t\t\t\t\t\t<div class=\"elementor-container elementor-column-gap-default\">\n\t\t\t\t\t<div class=\"elementor-column elementor-col-100 elementor-top-column elementor-element elementor-element-76175898\" data-id=\"76175898\" data-element_type=\"column\">\n\t\t\t<div class=\"elementor-widget-wrap elementor-element-populated\">\n\t\t\t\t\t\t<div class=\"elementor-element elementor-element-2087ba67 elementor-widget elementor-widget-text-editor\" data-id=\"2087ba67\" data-element_type=\"widget\" data-widget_type=\"text-editor.default\">\n\t\t\t\t<div class=\"elementor-widget-container\">\n\t\t\t\t\t\t\t\t\t<h3><strong>Impress\u00e3o<\/strong><\/h3>\n<p><strong>Excelente GmbH <\/strong>(responsabilit\u00e0 limitata)<\/p>\n<\/p>\n<p>Gestor:<\/p>\n<p><strong>Ashiq Muhammad<\/strong><\/p>\n<p><strong>Hildener Str. 27<\/strong><\/p>\n<p><strong>D-42697 Solingen<\/strong><\/p>\n<p><strong>Alemanha<\/strong><\/p>\n<\/p>\n<p>Telefoni:<strong> +49 (0)212 \/ 2682259<\/strong><\/p>\n<p>Telem\u00f3vel:<strong> +49 (0)178 \/ 9772668<\/strong><\/p>\n<p>Fax:<strong> +49 (0)212 \/ 2682261<\/strong><\/p>\n<p>E-mail:<strong><a href=\"applewebdata:\/\/FB6CC145-02D6-4868-8FD3-4AE075EE7828\/info@excellent-solingen.de\">info@excellent-solingen.de<\/a><\/strong><\/p>\n<\/p>\n<p>Tribunal de Registo:<strong> Tribunale locale di Wuppertal<\/strong><\/p>\n<p>Numero di registrazione:<strong> HRB 21815<\/strong><\/p>\n<p>Numero di identificazione dell'IVA:<strong> IT 264003254<\/strong><\/p>\n<p>Numero di identificazione commerciale:<strong> IT 264003254<\/strong><\/p>\n<p>Respons\u00e1vel na ace\u00e7\u00e3o do \u00a7 55 Abs. 2 RStV:<\/p>\n<p><strong>Ashiq Muhammad<\/strong><\/p>\n<p><strong>Hildener Str.27<\/strong><\/p>\n<p><strong>D-42697 Solingen<\/strong><\/p>\n<p><strong>Alemanha<\/strong><\/p>\n\t\t\t\t\t\t\t\t<\/div>\n\t\t\t\t<\/div>\n\t\t\t\t\t<\/div>\n\t\t<\/div>\n\t\t\t\t\t<\/div>\n\t\t<\/section>\n\t\t\t\t<\/div>","protected":false},"excerpt":{"rendered":"<p>Impress\u00e3o Excelente GmbH (responsabilidade limitada) Gestor: Ashiq Muhammad Hildener Str. 27 D-42697 Solingen Alemanha Telefone: +49 (0)212 \/ 2682259 Telem\u00f3vel: +49 (0)178 \/ 9772668 Fax: +49 (0)212 \/ 2682261 E-mail:info@excellent-solingen.de Tribunal de Registo: Amtsgericht Wuppertal N\u00famero de registo: HRB 21815 N\u00famero de identifica\u00e7\u00e3o do IVA: DE 264003254 N\u00famero de identifica\u00e7\u00e3o comercial: DE 264003254 Respons\u00e1vel na [&hellip;]<\/p>","protected":false},"author":1,"featured_media":0,"parent":0,"menu_order":0,"comment_status":"closed","ping_status":"closed","template":"","meta":{"_exactmetrics_skip_tracking":false,"_exactmetrics_sitenote_active":false,"_exactmetrics_sitenote_note":"","_exactmetrics_sitenote_category":0,"footnotes":""},"class_list":["post-9145","page","type-page","status-publish","hentry"],"_links":{"self":[{"href":"https:\/\/excellent-solingen.de\/it\/wp-json\/wp\/v2\/pages\/9145","targetHints":{"allow":["GET"]}}],"collection":[{"href":"https:\/\/excellent-solingen.de\/it\/wp-json\/wp\/v2\/pages"}],"about":[{"href":"https:\/\/excellent-solingen.de\/it\/wp-json\/wp\/v2\/types\/page"}],"author":[{"embeddable":true,"href":"https:\/\/excellent-solingen.de\/it\/wp-json\/wp\/v2\/users\/1"}],"replies":[{"embeddable":true,"href":"https:\/\/excellent-solingen.de\/it\/wp-json\/wp\/v2\/comments?post=9145"}],"version-history":[{"count":0,"href":"https:\/\/excellent-solingen.de\/it\/wp-json\/wp\/v2\/pages\/9145\/revisions"}],"wp:attachment":[{"href":"https:\/\/excellent-solingen.de\/it\/wp-json\/wp\/v2\/media?parent=9145"}],"curies":[{"name":"wp","href":"https:\/\/api.w.org\/{rel}","templated":true}]}}